{"id":4317,"date":"2025-09-15T10:24:04","date_gmt":"2025-09-15T08:24:04","guid":{"rendered":"https:\/\/fontyblog.fr\/?page_id=4317"},"modified":"2025-11-06T20:52:42","modified_gmt":"2025-11-06T19:52:42","slug":"mentions-legales","status":"publish","type":"page","link":"https:\/\/fontyblog.fr\/fr\/mentions-legales\/","title":{"rendered":"Mentions l\u00e9gales"},"content":{"rendered":"\n<div style=\"max-width: 800px; margin: auto; padding: 2rem; font-family: 'Segoe UI', sans-serif; font-size: 16px; line-height: 1.7; color: #333;\">\n<h2 style=\"border-bottom: 2px solid #ddd; padding-bottom: 0.5rem;\">1 &#8211; Intervenants<\/h2>\nEn vertu de <a href=\"https:\/\/www.legifrance.gouv.fr\/affichTexte.do?cidTexte=JORFTEXT000000801164#LEGIARTI000042038977\" target=\"_blank\" rel=\"noopener noreferrer\">l'article 6 de la loi n\u00b0 2004-575 du 21 juin 2004<\/a> pour la confiance dans l'\u00e9conomie num\u00e9rique, il est pr\u00e9cis\u00e9 aux utilisateurs du site internet <a href=\"https:\/\/fontyblog.fr\">https:\/\/fontyblog.fr<\/a> l'identit\u00e9 des diff\u00e9rents intervenants dans le cadre de sa r\u00e9alisation et de son suivi :\n\n<strong>Propri\u00e9taire du site :<\/strong> MagnHome SAS\n\n<strong>Identification de l'entreprise :<\/strong> SAS MagnHome SAS au capital social de 10 000 \u20ac \u2013 R.C.S. 980 147 573 Melun\n\n<strong>Directeur de la publication :<\/strong> Emmanuel Parrou\n\n<strong>H\u00e9bergeur :<\/strong>\nHostinger International Ltd.\n61 Lordou Vironos Street,\n6023 Larnaca, Chypre\n\n<strong>D\u00e9l\u00e9gu\u00e9 \u00e0 la protection des donn\u00e9es :<\/strong> Emmanuel Parrou\n\n<hr \/>\n\n<h2>2 &#8211; Propri\u00e9t\u00e9 intellectuelle et contrefa\u00e7ons<\/h2>\n<strong>MagnHome SAS<\/strong> est propri\u00e9taire des droits de propri\u00e9t\u00e9 intellectuelle et d\u00e9tient les droits d\u2019usage sur tous les \u00e9l\u00e9ments accessibles sur le site internet, notamment les textes, images, graphismes, logos, vid\u00e9os, architecture, ic\u00f4nes et sons.\n\nToute reproduction, repr\u00e9sentation, modification, publication, adaptation de tout ou partie des \u00e9l\u00e9ments du site, quel que soit le moyen ou le proc\u00e9d\u00e9 utilis\u00e9, est interdite, sauf autorisation \u00e9crite pr\u00e9alable de <strong>MagnHome SAS<\/strong>.\n\nToute exploitation non autoris\u00e9e du site ou de l\u2019un quelconque des \u00e9l\u00e9ments qu\u2019il contient sera consid\u00e9r\u00e9e comme constitutive d\u2019une contrefa\u00e7on et poursuivie conform\u00e9ment aux dispositions des articles <a href=\"https:\/\/www.legifrance.gouv.fr\/affichCodeArticle.do?idArticle=LEGIARTI000032655082&cidTexte=LEGITEXT000006069414&dateTexte=20160605\" target=\"_blank\" rel=\"noopener noreferrer\">L.335-2 et suivants du Code de Propri\u00e9t\u00e9 Intellectuelle<\/a>.\n\n<hr \/>\n\n<h2>3 &#8211; Limitations de responsabilit\u00e9<\/h2>\n<strong>MagnHome SAS<\/strong> ne pourra \u00eatre tenu pour responsable des dommages directs et indirects caus\u00e9s au mat\u00e9riel de l\u2019utilisateur, lors de l\u2019acc\u00e8s au site <a href=\"https:\/\/fontyblog.fr\/\">https:\/\/fontyblog.fr\/<\/a>.\n\n<strong>MagnHome SAS<\/strong> d\u00e9cline toute responsabilit\u00e9 quant \u00e0 l\u2019utilisation qui pourrait \u00eatre faite des informations et contenus pr\u00e9sents sur le site.\n\nDes espaces interactifs (espace contact ou commentaires) sont \u00e0 la disposition des utilisateurs. <strong>MagnHome SAS<\/strong> se r\u00e9serve le droit de supprimer, sans mise en demeure pr\u00e9alable, tout contenu contrevenant \u00e0 la l\u00e9gislation fran\u00e7aise, notamment en mati\u00e8re de protection des donn\u00e9es.\n\nLe cas \u00e9ch\u00e9ant, <strong>MagnHome SAS<\/strong> se r\u00e9serve aussi la possibilit\u00e9 de mettre en cause la responsabilit\u00e9 civile et\/ou p\u00e9nale de l\u2019utilisateur en cas de propos racistes, injurieux, diffamants ou pornographiques.\n\n<hr \/>\n\n<h2>4 &#8211; CNIL et gestion des donn\u00e9es personnelles<\/h2>\nConform\u00e9ment \u00e0 <a href=\"https:\/\/www.legifrance.gouv.fr\/affichTexte.do?cidTexte=JORFTEXT000000886460\" target=\"_blank\" rel=\"noopener noreferrer\">la loi 78-17 du 6 janvier 1978 modifi\u00e9e<\/a>, l\u2019utilisateur dispose d\u2019un droit d\u2019acc\u00e8s, de modification et de suppression des informations collect\u00e9es. Pour l\u2019exercer, contactez le D\u00e9l\u00e9gu\u00e9 \u00e0 la Protection des Donn\u00e9es : <strong>Emmanuel Parrou<\/strong>.\n\nPour plus d'informations, lisez notre <a href=\"https:\/\/fontyblog.fr\/politique-de-confidentialite\/\">politique de confidentialit\u00e9<\/a>.\n\n<hr \/>\n\n<h2>5 &#8211; Liens hypertextes et cookies<\/h2>\nLe site <a href=\"https:\/\/fontyblog.fr\/\">https:\/\/fontyblog.fr<\/a> peut contenir des liens vers d'autres sites. <strong>MagnHome SAS<\/strong> d\u00e9cline toute responsabilit\u00e9 sur le contenu externe.\n\nDes cookies peuvent \u00eatre install\u00e9s lors de la navigation. Ils servent notamment \u00e0 mesurer l\u2019audience.\n\nVous pouvez accepter ou refuser ces cookies via les param\u00e8tres de votre navigateur. Aucun cookie ne sera d\u00e9pos\u00e9 sans votre consentement. Dur\u00e9e maximale de conservation : 1 mois.\n\nEn savoir plus : <a href=\"https:\/\/fontyblog.fr\/politique-de-confidentialite\/\">politique de confidentialit\u00e9<\/a>.\n\n<hr \/>\n\n<h2>6 &#8211; Droit applicable et attribution de juridiction<\/h2>\nTout litige li\u00e9 \u00e0 l\u2019utilisation du site est soumis au droit fran\u00e7ais. En dehors des cas o\u00f9 la loi ne le permet pas, la juridiction comp\u00e9tente est le tribunal de <strong>Melun<\/strong>.\n\n<\/div>\n","protected":false},"excerpt":{"rendered":"<p>1 &#8211; Intervenants En vertu de l&#8217;article 6 de la loi n\u00b0 2004-575 du 21 juin 2004 pour la confiance dans l&#8217;\u00e9conomie num\u00e9rique, il est pr\u00e9cis\u00e9 aux utilisateurs du site internet https:\/\/fontyblog.fr l&#8217;identit\u00e9 des diff\u00e9rents intervenants dans le cadre de sa r\u00e9alisation et de son suivi : Propri\u00e9taire du site : MagnHome SAS Identification de [&hellip;]<\/p>\n","protected":false},"author":1,"featured_media":0,"parent":0,"menu_order":0,"comment_status":"closed","ping_status":"closed","template":"","meta":{"_seopress_robots_primary_cat":"","_seopress_titles_title":"","_seopress_titles_desc":"","_seopress_robots_index":"","_seopress_analysis_target_kw":"","_jet_sm_ready_style":"","_jet_sm_style":"","_jet_sm_controls_values":"","_jet_sm_fonts_collection":"","_jet_sm_fonts_links":"","iawp_total_views":29,"footnotes":""},"class_list":["post-4317","page","type-page","status-publish","hentry"],"_hostinger_reach_plugin_has_subscription_block":false,"_hostinger_reach_plugin_is_elementor":false,"_links":{"self":[{"href":"https:\/\/fontyblog.fr\/fr\/wp-json\/wp\/v2\/pages\/4317","targetHints":{"allow":["GET"]}}],"collection":[{"href":"https:\/\/fontyblog.fr\/fr\/wp-json\/wp\/v2\/pages"}],"about":[{"href":"https:\/\/fontyblog.fr\/fr\/wp-json\/wp\/v2\/types\/page"}],"author":[{"embeddable":true,"href":"https:\/\/fontyblog.fr\/fr\/wp-json\/wp\/v2\/users\/1"}],"replies":[{"embeddable":true,"href":"https:\/\/fontyblog.fr\/fr\/wp-json\/wp\/v2\/comments?post=4317"}],"version-history":[{"count":1,"href":"https:\/\/fontyblog.fr\/fr\/wp-json\/wp\/v2\/pages\/4317\/revisions"}],"predecessor-version":[{"id":4318,"href":"https:\/\/fontyblog.fr\/fr\/wp-json\/wp\/v2\/pages\/4317\/revisions\/4318"}],"wp:attachment":[{"href":"https:\/\/fontyblog.fr\/fr\/wp-json\/wp\/v2\/media?parent=4317"}],"curies":[{"name":"wp","href":"https:\/\/api.w.org\/{rel}","templated":true}]}}