{"id":7714,"date":"2025-10-24T13:01:19","date_gmt":"2025-10-24T11:01:19","guid":{"rendered":"https:\/\/fontyblog.fr\/?page_id=7714"},"modified":"2025-11-06T20:32:01","modified_gmt":"2025-11-06T19:32:01","slug":"free-parking-in-fontainebleau","status":"publish","type":"page","link":"https:\/\/fontyblog.fr\/en\/stationnement-gratuit-a-fontainebleau\/","title":{"rendered":"Free parking in Fontainebleau"},"content":{"rendered":"<div data-elementor-type=\"wp-page\" data-elementor-id=\"7714\" class=\"elementor elementor-7714\" data-elementor-post-type=\"page\">\n\t\t\t\t<div class=\"elementor-element elementor-element-7e14c3d e-flex e-con-boxed e-con e-parent\" data-id=\"7e14c3d\" data-element_type=\"container\" data-e-type=\"container\">\n\t\t\t\t\t<div class=\"e-con-inner\">\n\t\t\t\t<div class=\"elementor-element elementor-element-ba03ee6 elementor-widget elementor-widget-jet-listing-dynamic-image\" data-id=\"ba03ee6\" data-element_type=\"widget\" data-e-type=\"widget\" data-widget_type=\"jet-listing-dynamic-image.default\">\n\t\t\t\t<div class=\"elementor-widget-container\">\n\t\t\t\t\t<div class=\"jet-listing jet-listing-dynamic-image\" ><img fetchpriority=\"high\" decoding=\"async\" width=\"1280\" height=\"720\" src=\"https:\/\/fontyblog.fr\/wp-content\/uploads\/2025\/10\/fontainebleau-stationnement-gratuit.jpg\" class=\"jet-listing-dynamic-image__img attachment-full size-full wp-post-image\" alt=\"fontainebleau-parking-free\" srcset=\"https:\/\/fontyblog.fr\/wp-content\/uploads\/2025\/10\/fontainebleau-stationnement-gratuit.jpg 1280w, https:\/\/fontyblog.fr\/wp-content\/uploads\/2025\/10\/fontainebleau-stationnement-gratuit-300x169.jpg 300w, https:\/\/fontyblog.fr\/wp-content\/uploads\/2025\/10\/fontainebleau-stationnement-gratuit-1024x576.jpg 1024w, https:\/\/fontyblog.fr\/wp-content\/uploads\/2025\/10\/fontainebleau-stationnement-gratuit-768x432.jpg 768w, https:\/\/fontyblog.fr\/wp-content\/uploads\/2025\/10\/fontainebleau-stationnement-gratuit-18x10.jpg 18w\" sizes=\"(max-width: 1280px) 100vw, 1280px\" loading=\"eager\" \/><\/div>\t\t\t\t<\/div>\n\t\t\t\t<\/div>\n\t\t\t\t<div class=\"elementor-element elementor-element-ab6e16f elementor-widget elementor-widget-html\" data-id=\"ab6e16f\" data-element_type=\"widget\" data-e-type=\"widget\" data-widget_type=\"html.default\">\n\t\t\t\t<div class=\"elementor-widget-container\">\n\t\t\t\t\t<div class=\"fb-wrap\">\r\n\r\n  <p><a href=\"\/en\/where-to-park-in-fontainebleau\/\"><strong>\u2190 Back : Where to park in Fontainebleau<\/strong><\/a><\/p>\r\n\r\n  <p class=\"lead\">Visit <strong>where and when it's free<\/strong> in Fontainebleau: street slots, <strong>20 minutes free 1\u00d7\/day<\/strong>, free Sundays and public holidays, and smart alternatives.<\/p>\r\n\r\n  <h2>Free street slots<\/h2>\r\n  <div class=\"grid grid-2\">\r\n    <div class=\"fb-box\">\r\n      <p>\ud83c\udf19 <strong>From 7pm to 9am<\/strong> free from Tuesday to Saturday (night).<\/p>\r\n      <p>\ud83d\uddd3\ufe0f <strong>Mondays, Sundays &amp; public holidays<\/strong> free all day.<\/p>\r\n      <p>\u23f1\ufe0f <strong>20 minutes free<\/strong> : <em>1\u00d7\/day\/vehicle<\/em> in zones <em>green<\/em> and <em>orange<\/em> (via <strong>PayByPhone<\/strong> or parking meter).<\/p>\r\n    <\/div>\r\n    <div class=\"fb-tip\">\r\n      <p>\ud83d\udca1 <strong>Fast race<\/strong> : think about <strong>20 min<\/strong> rather than a 10-minute ticket.<\/p>\r\n      <p>\ud83d\udeb6 <strong>5-10 minutes on foot<\/strong> in the hypercentre, you will often find more availability depending on the time of day.<\/p>\r\n    <\/div>\r\n  <\/div>\r\n\r\n  <h2>Choosing the right timing<\/h2>\r\n  <ul>\r\n    <li><strong>Short visit (\u2264 2 h)<\/strong> Try the street near the centre, especially outside peak periods.<\/li>\r\n    <li><strong>Several hours<\/strong> : prefer a <a href=\"\/en\/public-car-parks-in-fontainebleau\/\">covered\/public car park<\/a> (often simpler\/eco).<\/li>\r\n    <li><strong>Evening<\/strong> arriving towards <strong>19h<\/strong> to take advantage of free street parking.<\/li>\r\n  <\/ul>\r\n\r\n  <h2>Special cases<\/h2>\r\n  <div class=\"grid grid-2\">\r\n    <div class=\"fb-card\">\r\n      <h3>\u267f PMR<\/h3>\r\n      <p>In the street : <strong>free of charge<\/strong> for CMI + holders <a href=\"\/en\/pmr-parking-72-spaces\/\">72 dedicated parking spaces<\/a>. To avoid being fined by ANPR : <em>register the plate<\/em> (online procedure) or take a <strong>free PRM ticket<\/strong> (app\/timer).<\/p>\r\n    <\/div>\r\n    <div class=\"fb-card\">\r\n      <h3>\ud83c\udf19 Free overnight parking<\/h3>\r\n      <p>Le <strong>Ch\u00e2teau car park<\/strong> is <strong>free from 7pm to 9am<\/strong> Useful for an evening\/resto in the centre.<\/p>\r\n    <\/div>\r\n  <\/div>\r\n\r\n  <div class=\"fb-related\">\r\n    <h2>See also<\/h2>\r\n    <ul>\r\n      <li><a href=\"\/en\/parking-in-rue-fontainebleau\/\">Street parking (times &amp; zones)<\/a><\/li>\r\n      <li><a href=\"\/en\/public-car-parks-in-fontainebleau\/\">Covered \/ public car parks<\/a><\/li>\r\n      <li><a href=\"\/en\/pmr-parking-72-spaces\/\">PRM parking<\/a><\/li>\r\n      <li><a href=\"\/en\/practical-tips-for-smart-parking-in-fontainebleau\/\">Practical advice<\/a><\/li>\r\n    <\/ul>\r\n  <\/div>\r\n\r\n  <h2>FAQ<\/h2>\r\n  <div class=\"fb-faq\">\r\n    <details>\r\n      <summary>Is parking free on Sundays?<\/summary>\r\n      <p>Yes: the street is <strong>free of charge<\/strong> the <strong>Sunday<\/strong> (and <strong>public holidays<\/strong>), as well as the <strong>Monday<\/strong>.<\/p>\r\n    <\/details>\r\n    <details>\r\n      <summary>From what time is it free in the evening?<\/summary>\r\n      <p>From <strong>19h<\/strong>, until <strong>9h<\/strong> the following day (Tuesday to Saturday).<\/p>\r\n    <\/details>\r\n    <details>\r\n      <summary>How to use the 20 minutes free?<\/summary>\r\n      <p>Activate them via <strong>PayByPhone<\/strong> or at the ticket office. <strong>1 time\/day\/vehicle<\/strong>, valid in <em>green zone<\/em> and <em>orange<\/em>.<\/p>\r\n    <\/details>\r\n    <details>\r\n      <summary>What if I can't find a free service at the right time?<\/summary>\r\n      <p>Go directly to <a href=\"\/en\/public-car-parks-in-fontainebleau\/\">covered\/public car park<\/a> (centre\/Ch\u00e2teau, 24\/24). Tip: <strong>Market<\/strong> proposes <strong>3 h = 2,20 \u20ac<\/strong> Fri-Sat-Sun.<\/p>\r\n    <\/details>\r\n  <\/div>\r\n\r\n  <p class=\"small\" style=\"color:#6b7280\">Sources: City of Fontainebleau - street timetables, free admission, 20 min free admission, LAPI\/PMR; Market offer &amp; free night-time admission to the Ch\u00e2teau.<\/p>\r\n<\/div>\r\n\t\t\t\t<\/div>\n\t\t\t\t<\/div>\n\t\t\t\t\t<\/div>\n\t\t\t\t<\/div>\n\t\t\t\t<\/div>","protected":false},"excerpt":{"rendered":"<p>\u2190 Retour : O\u00f9 se garer \u00e0 Fontainebleau Voici o\u00f9 et quand c\u2019est gratuit \u00e0 Fontainebleau : cr\u00e9neaux en rue, 20&nbsp;min gratuites 1\u00d7\/jour, gratuit\u00e9 dominicale &#038; jours f\u00e9ri\u00e9s, et alternatives malines. Cr\u00e9neaux gratuits en rue \ud83c\udf19 De 19h \u00e0 9h : gratuit du mardi au samedi (nuit). \ud83d\uddd3\ufe0f Lundis, dimanches &#038; jours f\u00e9ri\u00e9s : gratuit [&hellip;]<\/p>\n","protected":false},"author":1,"featured_media":7823,"parent":0,"menu_order":0,"comment_status":"closed","ping_status":"closed","template":"","meta":{"_seopress_robots_primary_cat":"","_seopress_titles_title":"","_seopress_titles_desc":"","_seopress_robots_index":"","_seopress_analysis_target_kw":"","_jet_sm_ready_style":"","_jet_sm_style":"","_jet_sm_controls_values":"","_jet_sm_fonts_collection":"","_jet_sm_fonts_links":"","iawp_total_views":762,"footnotes":""},"class_list":["post-7714","page","type-page","status-publish","has-post-thumbnail","hentry"],"_hostinger_reach_plugin_has_subscription_block":false,"_hostinger_reach_plugin_is_elementor":false,"_links":{"self":[{"href":"https:\/\/fontyblog.fr\/en\/wp-json\/wp\/v2\/pages\/7714","targetHints":{"allow":["GET"]}}],"collection":[{"href":"https:\/\/fontyblog.fr\/en\/wp-json\/wp\/v2\/pages"}],"about":[{"href":"https:\/\/fontyblog.fr\/en\/wp-json\/wp\/v2\/types\/page"}],"author":[{"embeddable":true,"href":"https:\/\/fontyblog.fr\/en\/wp-json\/wp\/v2\/users\/1"}],"replies":[{"embeddable":true,"href":"https:\/\/fontyblog.fr\/en\/wp-json\/wp\/v2\/comments?post=7714"}],"version-history":[{"count":13,"href":"https:\/\/fontyblog.fr\/en\/wp-json\/wp\/v2\/pages\/7714\/revisions"}],"predecessor-version":[{"id":7948,"href":"https:\/\/fontyblog.fr\/en\/wp-json\/wp\/v2\/pages\/7714\/revisions\/7948"}],"wp:featuredmedia":[{"embeddable":true,"href":"https:\/\/fontyblog.fr\/en\/wp-json\/wp\/v2\/media\/7823"}],"wp:attachment":[{"href":"https:\/\/fontyblog.fr\/en\/wp-json\/wp\/v2\/media?parent=7714"}],"curies":[{"name":"wp","href":"https:\/\/api.w.org\/{rel}","templated":true}]}}