{"id":7709,"date":"2025-10-24T12:58:28","date_gmt":"2025-10-24T10:58:28","guid":{"rendered":"https:\/\/fontyblog.fr\/?page_id=7709"},"modified":"2025-11-06T20:35:08","modified_gmt":"2025-11-06T19:35:08","slug":"public-car-parks-in-fontainebleau","status":"publish","type":"page","link":"https:\/\/fontyblog.fr\/en\/parkings-a-fontainebleau-couverts-publics\/","title":{"rendered":"Car parks in Fontainebleau (covered \/ public)"},"content":{"rendered":"<div data-elementor-type=\"wp-page\" data-elementor-id=\"7709\" class=\"elementor elementor-7709\" data-elementor-post-type=\"page\">\n\t\t\t\t<div class=\"elementor-element elementor-element-a8a62c6 e-flex e-con-boxed e-con e-parent\" data-id=\"a8a62c6\" data-element_type=\"container\" data-e-type=\"container\">\n\t\t\t\t\t<div class=\"e-con-inner\">\n\t\t\t\t<div class=\"elementor-element elementor-element-b529d8f elementor-widget elementor-widget-jet-listing-dynamic-image\" data-id=\"b529d8f\" data-element_type=\"widget\" data-e-type=\"widget\" data-widget_type=\"jet-listing-dynamic-image.default\">\n\t\t\t\t<div class=\"elementor-widget-container\">\n\t\t\t\t\t<div class=\"jet-listing jet-listing-dynamic-image\" ><img fetchpriority=\"high\" decoding=\"async\" width=\"1280\" height=\"720\" src=\"https:\/\/fontyblog.fr\/wp-content\/uploads\/2025\/10\/fontainebleau-parkings-couverts-publics.jpg\" class=\"jet-listing-dynamic-image__img attachment-full size-full wp-post-image\" alt=\"fontainebleau-public-covered-parking\" srcset=\"https:\/\/fontyblog.fr\/wp-content\/uploads\/2025\/10\/fontainebleau-parkings-couverts-publics.jpg 1280w, https:\/\/fontyblog.fr\/wp-content\/uploads\/2025\/10\/fontainebleau-parkings-couverts-publics-300x169.jpg 300w, https:\/\/fontyblog.fr\/wp-content\/uploads\/2025\/10\/fontainebleau-parkings-couverts-publics-1024x576.jpg 1024w, https:\/\/fontyblog.fr\/wp-content\/uploads\/2025\/10\/fontainebleau-parkings-couverts-publics-768x432.jpg 768w, https:\/\/fontyblog.fr\/wp-content\/uploads\/2025\/10\/fontainebleau-parkings-couverts-publics-18x10.jpg 18w\" sizes=\"(max-width: 1280px) 100vw, 1280px\" loading=\"eager\" \/><\/div>\t\t\t\t<\/div>\n\t\t\t\t<\/div>\n\t\t\t\t<div class=\"elementor-element elementor-element-c701051 elementor-widget elementor-widget-html\" data-id=\"c701051\" data-element_type=\"widget\" data-e-type=\"widget\" data-widget_type=\"html.default\">\n\t\t\t\t<div class=\"elementor-widget-container\">\n\t\t\t\t\t<div class=\"fb-wrap\">\r\n\r\n  <p><a href=\"\/en\/where-to-park-in-fontainebleau\/\"><strong>\u2190 Back : Where to park in Fontainebleau<\/strong><\/a><\/p>\r\n\r\n  <p class=\"lead\">For a <strong>1\/2 day<\/strong> or the <strong>day<\/strong>, covered\/public car parks are the most worry-free solution: access <strong>24\/24<\/strong>, easy payment, close to the centre and the Ch\u00e2teau.<\/p>\r\n\r\n  <h2>Why choose a covered\/public car park?<\/h2>\r\n  <div class=\"grid grid-2\">\r\n    <div class=\"fb-card\">\r\n      <h3>\u2705 Tranquillity<\/h3>\r\n      <p>Stress-free parking for several hours (no maximum on-street time or fines to deal with).<\/p>\r\n      <p>Work on offer : <strong>more than 1,400 seats<\/strong> (one source mentions approx. <strong>1 600<\/strong> overall).<\/p>\r\n    <\/div>\r\n    <div class=\"fb-card\">\r\n      <h3>\ud83d\udccd Proximity<\/h3>\r\n      <p>As close as possible to <strong>shopping streets<\/strong> and <strong>Ch\u00e2teau<\/strong> Ideal for sightseeing, shopping and restaurants.<\/p>\r\n    <\/div>\r\n  <\/div>\r\n\r\n  <h2>Main car parks (centre &amp; Ch\u00e2teau)<\/h2>\r\n  <table class=\"fb-table\">\r\n    <thead>\r\n      <tr>\r\n        <th>Car park<\/th>\r\n        <th>Type &amp; proximity<\/th>\r\n        <th>Timetable<\/th>\r\n        <th>Special features<\/th>\r\n      <\/tr>\r\n    <\/thead>\r\n    <tbody>\r\n      <tr>\r\n        <td><strong>Market (Place de la R\u00e9publique)<\/strong><\/td>\r\n        <td>Covered, city centre<\/td>\r\n        <td>24\/24<\/td>\r\n        <td>\ud83c\udfab Offer <strong>weekend<\/strong> : <strong>3 h = 2,20 \u20ac<\/strong> (Fri-Sat-Sun).<\/td>\r\n      <\/tr>\r\n      <tr>\r\n        <td><strong>Napoleon<\/strong><\/td>\r\n        <td>Covered, <em>2-3 min<\/em> du Ch\u00e2teau<\/td>\r\n        <td>24\/24<\/td>\r\n        <td>Direct access to the castle and historic centre.<\/td>\r\n      <\/tr>\r\n      <tr>\r\n        <td><strong>Place d'Armes<\/strong><\/td>\r\n        <td>Outside, facing the Ch\u00e2teau<\/td>\r\n        <td>24\/24<\/td>\r\n        <td>Very practical in fine weather (esplanade).<\/td>\r\n      <\/tr>\r\n      <tr>\r\n        <td><strong>Ch\u00e2teau<\/strong><\/td>\r\n        <td>At the foot of the Ch\u00e2teau<\/td>\r\n        <td>\ud83c\udf19 <strong>Free 7-9pm<\/strong><\/td>\r\n        <td>Perfect for an evening meal after your visit.<\/td>\r\n      <\/tr>\r\n      <tr>\r\n        <td><strong>Step<\/strong><\/td>\r\n        <td>Covered, practical for the East End<\/td>\r\n        <td>24\/24<\/td>\r\n        <td>Good access to the upper part of the Rue Grande.<\/td>\r\n      <\/tr>\r\n    <\/tbody>\r\n  <\/table>\r\n\r\n  <div class=\"fb-box\">\r\n    <p>\ud83d\udca1 <strong>Budget<\/strong> Compare a day on the street with a day in a car park. For more than 2-3 hours, parking is often cheaper (and avoids an FPS).<\/p>\r\n  <\/div>\r\n\r\n  <h2>Covered car park season tickets (Interparking)<\/h2>\r\n  <p>There are \u201cwork\u201d formulas for residents and workers (order of magnitude announced by the City : <strong>~96 \u20ac\/month<\/strong>). For current packages, please contact the operator or ask on site.<\/p>\r\n\r\n  <div class=\"fb-related\">\r\n    <h2>See also<\/h2>\r\n    <ul>\r\n      <li><a href=\"\/en\/parking-in-rue-fontainebleau\/\">Street parking<\/a><\/li>\r\n      <li><a href=\"\/en\/free-parking-in-fontainebleau\/\">Free parking<\/a><\/li>\r\n      <li><a href=\"\/en\/pmr-parking-72-spaces\/\">PRM parking<\/a><\/li>\r\n      <li><a href=\"\/en\/parking-passes-for-fontainebleau\/\">Subscriptions<\/a><\/li>\r\n      <li><a href=\"\/en\/practical-tips-for-smart-parking-in-fontainebleau\/\">Practical advice<\/a><\/li>\r\n    <\/ul>\r\n  <\/div>\r\n\r\n  <h2>FAQ<\/h2>\r\n  <div class=\"fb-faq\">\r\n    <details>\r\n      <summary>Are the car parks open at night?<\/summary>\r\n      <p>Yes, <strong>24\/24<\/strong> (unless otherwise indicated).<\/p>\r\n    <\/details>\r\n    <details>\r\n      <summary>Where can I take advantage of the 3 h = \u20ac2.20 offer?<\/summary>\r\n      <p>Visit <strong>Market car park<\/strong> (Republic), the <strong>Fridays, Saturdays and Sundays<\/strong>.<\/p>\r\n    <\/details>\r\n    <details>\r\n      <summary>Is there free overnight parking?<\/summary>\r\n      <p>Yes: the <strong>Ch\u00e2teau car park<\/strong> is <strong>free from 7pm to 9am<\/strong>.<\/p>\r\n    <\/details>\r\n    <details>\r\n      <summary>Are there PRM spaces in covered car parks?<\/summary>\r\n      <p>Yes, dedicated spaces. See also <a href=\"\/en\/pmr-parking-72-spaces\/\">the PMR page<\/a>.<\/p>\r\n    <\/details>\r\n  <\/div>\r\n\r\n  <p class=\"small\" style=\"color:#6b7280\">Sources: City of Fontainebleau (car park offer, free night-time admission to the Ch\u00e2teau, ~96 \u20ac season tickets, 3 h Market offer=2.20 \u20ac, 24\/24 accessibility).<\/p>\r\n<\/div>\r\n\t\t\t\t<\/div>\n\t\t\t\t<\/div>\n\t\t\t\t\t<\/div>\n\t\t\t\t<\/div>\n\t\t\t\t<\/div>","protected":false},"excerpt":{"rendered":"<p>\u2190 Retour : O\u00f9 se garer \u00e0 Fontainebleau Pour une 1\/2 journ\u00e9e ou la journ\u00e9e, les parkings couverts\/publics sont la solution la plus sereine : acc\u00e8s 24\/24, paiement simple, proximit\u00e9 du centre et du Ch\u00e2teau. Pourquoi choisir un parking couvert\/public ? \u2705 Tranquillit\u00e9 Gar\u00e9 pour plusieurs heures sans stress (pas de dur\u00e9e max en voirie [&hellip;]<\/p>\n","protected":false},"author":1,"featured_media":7827,"parent":0,"menu_order":0,"comment_status":"closed","ping_status":"closed","template":"","meta":{"_seopress_robots_primary_cat":"","_seopress_titles_title":"","_seopress_titles_desc":"","_seopress_robots_index":"","_seopress_analysis_target_kw":"","_jet_sm_ready_style":"","_jet_sm_style":"","_jet_sm_controls_values":"","_jet_sm_fonts_collection":"","_jet_sm_fonts_links":"","iawp_total_views":123,"footnotes":""},"class_list":["post-7709","page","type-page","status-publish","has-post-thumbnail","hentry"],"_hostinger_reach_plugin_has_subscription_block":false,"_hostinger_reach_plugin_is_elementor":false,"_links":{"self":[{"href":"https:\/\/fontyblog.fr\/en\/wp-json\/wp\/v2\/pages\/7709","targetHints":{"allow":["GET"]}}],"collection":[{"href":"https:\/\/fontyblog.fr\/en\/wp-json\/wp\/v2\/pages"}],"about":[{"href":"https:\/\/fontyblog.fr\/en\/wp-json\/wp\/v2\/types\/page"}],"author":[{"embeddable":true,"href":"https:\/\/fontyblog.fr\/en\/wp-json\/wp\/v2\/users\/1"}],"replies":[{"embeddable":true,"href":"https:\/\/fontyblog.fr\/en\/wp-json\/wp\/v2\/comments?post=7709"}],"version-history":[{"count":16,"href":"https:\/\/fontyblog.fr\/en\/wp-json\/wp\/v2\/pages\/7709\/revisions"}],"predecessor-version":[{"id":7951,"href":"https:\/\/fontyblog.fr\/en\/wp-json\/wp\/v2\/pages\/7709\/revisions\/7951"}],"wp:featuredmedia":[{"embeddable":true,"href":"https:\/\/fontyblog.fr\/en\/wp-json\/wp\/v2\/media\/7827"}],"wp:attachment":[{"href":"https:\/\/fontyblog.fr\/en\/wp-json\/wp\/v2\/media?parent=7709"}],"curies":[{"name":"wp","href":"https:\/\/api.w.org\/{rel}","templated":true}]}}