{"id":4317,"date":"2025-09-15T10:24:04","date_gmt":"2025-09-15T08:24:04","guid":{"rendered":"https:\/\/fontyblog.fr\/?page_id=4317"},"modified":"2025-11-06T20:52:42","modified_gmt":"2025-11-06T19:52:42","slug":"legal-information","status":"publish","type":"page","link":"https:\/\/fontyblog.fr\/en\/mentions-legales\/","title":{"rendered":"Legal information"},"content":{"rendered":"<div style=\"max-width: 800px; margin: auto; padding: 2rem; font-family: 'Segoe UI', sans-serif; font-size: 16px; line-height: 1.7; color: #333;\">\n<h2 style=\"border-bottom: 2px solid #ddd; padding-bottom: 0.5rem;\">1 - Speakers<\/h2>\nIn accordance with <a href=\"https:\/\/www.legifrance.gouv.fr\/affichTexte.do?cidTexte=JORFTEXT000000801164#LEGIARTI000042038977\" target=\"_blank\" rel=\"noopener noreferrer\">Article 6 of Law No. 2004-575 of 21 June 2004<\/a> For confidence in the digital economy, it is specified to users of the website <a href=\"https:\/\/fontyblog.fr\/en\/\">https:\/\/fontyblog.fr<\/a> the identity of the various parties involved in its implementation and monitoring:\n\n<strong>Site owner :<\/strong> MagnHome SAS\n\n<strong>Company identification:<\/strong> SAS MagnHome SAS with share capital of \u20ac10,000 - R.C.S. 980 147 573 Melun\n\n<strong>Director of publication :<\/strong> Emmanuel Parrou\n\n<strong>Hosted by :<\/strong>\nHostinger International Ltd.\n61 Lordou Vironos Street,\n6023 Larnaca, Cyprus\n\n<strong>Data Protection Officer :<\/strong> Emmanuel Parrou\n\n<hr \/>\n\n<h2>2 - Intellectual property and counterfeiting<\/h2>\n<strong>MagnHome SAS<\/strong> is the owner of the intellectual property rights and holds the rights of use on all the elements accessible on the website, in particular the texts, images, graphics, logos, videos, architecture, icons and sounds.\n\nAny reproduction, representation, modification, publication, adaptation of all or part of the elements of the site, whatever the means or process used, is prohibited, except with the prior written authorisation of <strong>MagnHome SAS<\/strong>.\n\nAny unauthorised use of the site or of any of the elements it contains will be considered to constitute an infringement and will be prosecuted in accordance with the provisions of articles <a href=\"https:\/\/www.legifrance.gouv.fr\/affichCodeArticle.do?idArticle=LEGIARTI000032655082&cidTexte=LEGITEXT000006069414&dateTexte=20160605\" target=\"_blank\" rel=\"noopener noreferrer\">L.335-2 et seq. of the French Intellectual Property Code<\/a>.\n\n<hr \/>\n\n<h2>3 - Limitations of liability<\/h2>\n<strong>MagnHome SAS<\/strong> cannot be held responsible for any direct or indirect damage caused to the user's equipment when accessing the site. <a href=\"https:\/\/fontyblog.fr\/en\/\">https:\/\/fontyblog.fr\/<\/a>.\n\n<strong>MagnHome SAS<\/strong> accepts no responsibility for the use that may be made of the information and content on the site.\n\nInteractive areas (contact space or comments) are available to users. <strong>MagnHome SAS<\/strong> reserves the right to remove, without prior notice, any content that contravenes French legislation, particularly with regard to data protection.\n\nWhere applicable, the <strong>MagnHome SAS<\/strong> also reserves the right to hold the user civilly and\/or criminally liable in the event of racist, insulting, defamatory or pornographic remarks.\n\n<hr \/>\n\n<h2>4 - CNIL and personal data management<\/h2>\nIn accordance with <a href=\"https:\/\/www.legifrance.gouv.fr\/affichTexte.do?cidTexte=JORFTEXT000000886460\" target=\"_blank\" rel=\"noopener noreferrer\">Act 78-17 of 6 January 1978 as amended<\/a>If you wish to exercise your right to access, modify and delete any information collected, please contact the Data Protection Officer. To exercise this right, please contact the Data Protection Officer: <strong>Emmanuel Parrou<\/strong>. For more information, read our <a href=\"https:\/\/fontyblog.fr\/en\/privacy-policy-2\/\">privacy policy<\/a>.\n\n<hr \/>\n\n<h2>5 - Hypertext links and cookies<\/h2>\nThe website <a href=\"https:\/\/fontyblog.fr\/en\/\">https:\/\/fontyblog.fr<\/a> may contain links to other websites. <strong>MagnHome SAS<\/strong> declines all responsibility for external content.\n\nCookies may be installed during browsing. They are used in particular to measure the audience.\n\nYou can accept or refuse these cookies via your browser settings. No cookies will be placed without your consent. Maximum retention period: 1 month.\n\nTo find out more, click here: <a href=\"https:\/\/fontyblog.fr\/en\/privacy-policy-2\/\">privacy policy<\/a>.\n\n<hr \/>\n\n<h2>6 - Applicable law and jurisdiction<\/h2>\nAny dispute arising from the use of the site is subject to French law. Except in cases where the law does not allow it, the competent jurisdiction is the court of <strong>Melun<\/strong>.\n\n<\/div>","protected":false},"excerpt":{"rendered":"<p>1 &#8211; Intervenants En vertu de l&#8217;article 6 de la loi n\u00b0 2004-575 du 21 juin 2004 pour la confiance dans l&#8217;\u00e9conomie num\u00e9rique, il est pr\u00e9cis\u00e9 aux utilisateurs du site internet https:\/\/fontyblog.fr l&#8217;identit\u00e9 des diff\u00e9rents intervenants dans le cadre de sa r\u00e9alisation et de son suivi : Propri\u00e9taire du site : MagnHome SAS Identification de [&hellip;]<\/p>\n","protected":false},"author":1,"featured_media":0,"parent":0,"menu_order":0,"comment_status":"closed","ping_status":"closed","template":"","meta":{"_seopress_robots_primary_cat":"","_seopress_titles_title":"","_seopress_titles_desc":"","_seopress_robots_index":"","_seopress_analysis_target_kw":"","_jet_sm_ready_style":"","_jet_sm_style":"","_jet_sm_controls_values":"","_jet_sm_fonts_collection":"","_jet_sm_fonts_links":"","iawp_total_views":29,"footnotes":""},"class_list":["post-4317","page","type-page","status-publish","hentry"],"_hostinger_reach_plugin_has_subscription_block":false,"_hostinger_reach_plugin_is_elementor":false,"_links":{"self":[{"href":"https:\/\/fontyblog.fr\/en\/wp-json\/wp\/v2\/pages\/4317","targetHints":{"allow":["GET"]}}],"collection":[{"href":"https:\/\/fontyblog.fr\/en\/wp-json\/wp\/v2\/pages"}],"about":[{"href":"https:\/\/fontyblog.fr\/en\/wp-json\/wp\/v2\/types\/page"}],"author":[{"embeddable":true,"href":"https:\/\/fontyblog.fr\/en\/wp-json\/wp\/v2\/users\/1"}],"replies":[{"embeddable":true,"href":"https:\/\/fontyblog.fr\/en\/wp-json\/wp\/v2\/comments?post=4317"}],"version-history":[{"count":1,"href":"https:\/\/fontyblog.fr\/en\/wp-json\/wp\/v2\/pages\/4317\/revisions"}],"predecessor-version":[{"id":4318,"href":"https:\/\/fontyblog.fr\/en\/wp-json\/wp\/v2\/pages\/4317\/revisions\/4318"}],"wp:attachment":[{"href":"https:\/\/fontyblog.fr\/en\/wp-json\/wp\/v2\/media?parent=4317"}],"curies":[{"name":"wp","href":"https:\/\/api.w.org\/{rel}","templated":true}]}}