{"id":7808,"date":"2025-10-28T19:02:49","date_gmt":"2025-10-28T18:02:49","guid":{"rendered":"https:\/\/fontyblog.fr\/?page_id=7808"},"modified":"2025-11-06T20:27:51","modified_gmt":"2025-11-06T19:27:51","slug":"parken-wenn-man-in-fontainebleau-wohnhaft-ist","status":"publish","type":"page","link":"https:\/\/fontyblog.fr\/de\/stationner-quand-on-est-resident-a-fontainebleau\/","title":{"rendered":"Parken, wenn Sie in Fontainebleau wohnen"},"content":{"rendered":"<div data-elementor-type=\"wp-page\" data-elementor-id=\"7808\" class=\"elementor elementor-7808\" data-elementor-post-type=\"page\">\n\t\t\t\t<div class=\"elementor-element elementor-element-ef6c6d5 e-flex e-con-boxed e-con e-parent\" data-id=\"ef6c6d5\" data-element_type=\"container\" data-e-type=\"container\">\n\t\t\t\t\t<div class=\"e-con-inner\">\n\t\t\t\t<div class=\"elementor-element elementor-element-997ace4 elementor-widget elementor-widget-jet-listing-dynamic-image\" data-id=\"997ace4\" data-element_type=\"widget\" data-e-type=\"widget\" data-widget_type=\"jet-listing-dynamic-image.default\">\n\t\t\t\t<div class=\"elementor-widget-container\">\n\t\t\t\t\t<div class=\"jet-listing jet-listing-dynamic-image\" ><img fetchpriority=\"high\" decoding=\"async\" width=\"2560\" height=\"1429\" src=\"https:\/\/fontyblog.fr\/wp-content\/uploads\/2025\/10\/fontainebleau-parcours-residents-scaled.jpg\" class=\"jet-listing-dynamic-image__img attachment-full size-full wp-post-image\" alt=\"fontainebleau-parcours-residents\" srcset=\"https:\/\/fontyblog.fr\/wp-content\/uploads\/2025\/10\/fontainebleau-parcours-residents-scaled.jpg 2560w, https:\/\/fontyblog.fr\/wp-content\/uploads\/2025\/10\/fontainebleau-parcours-residents-300x167.jpg 300w, https:\/\/fontyblog.fr\/wp-content\/uploads\/2025\/10\/fontainebleau-parcours-residents-1024x572.jpg 1024w, https:\/\/fontyblog.fr\/wp-content\/uploads\/2025\/10\/fontainebleau-parcours-residents-768x429.jpg 768w, https:\/\/fontyblog.fr\/wp-content\/uploads\/2025\/10\/fontainebleau-parcours-residents-1536x857.jpg 1536w, https:\/\/fontyblog.fr\/wp-content\/uploads\/2025\/10\/fontainebleau-parcours-residents-2048x1143.jpg 2048w, https:\/\/fontyblog.fr\/wp-content\/uploads\/2025\/10\/fontainebleau-parcours-residents-18x10.jpg 18w\" sizes=\"(max-width: 2560px) 100vw, 2560px\" loading=\"eager\" \/><\/div>\t\t\t\t<\/div>\n\t\t\t\t<\/div>\n\t\t\t\t<div class=\"elementor-element elementor-element-46c3949 elementor-widget elementor-widget-html\" data-id=\"46c3949\" data-element_type=\"widget\" data-e-type=\"widget\" data-widget_type=\"html.default\">\n\t\t\t\t<div class=\"elementor-widget-container\">\n\t\t\t\t\t<div class=\"fb-wrap\">\r\n\r\n  <p><a href=\"\/de\/oder-parken-in-fontainebleau\/\"><strong>\u2190 Zur\u00fcck: Wo man in Fontainebleau parken kann<\/strong><\/a><\/p>\r\n\r\n  <p class=\"lead\">Die Gebrauchsanweisung <strong>Bewohner<\/strong> : Abonnements f\u00fcr die gr\u00fcne Zone (unbegrenzt), Stra\u00dfenregeln (Fahrpl\u00e4ne, kostenlose Nutzung), PMR und Optionen f\u00fcr Parkh\u00e4user (Abonnements f\u00fcr \u201cBauwerke\u201d).<\/p>\r\n\r\n  <h2>Anwohner-Abonnement (unbegrenzte gr\u00fcne Zone)<\/h2>\r\n  <div class=\"grid grid-2\">\r\n    <div class=\"fb-card\">\r\n      <h3>\ud83d\udd11 Das Prinzip<\/h3>\r\n      <ul>\r\n        <li><strong>18 \u20ac \/ Monat<\/strong> zum Parken <strong>grenzenlos<\/strong> in <strong>gr\u00fcne Zone<\/strong>.<\/li>\r\n        <li>Online-Dossier (Fahrzeugschein + Wohnsitznachweis), Best\u00e4tigung durch die Stadt.<\/li>\r\n        <li>Verwaltung m\u00f6glich auf <strong>PayByPhone<\/strong> (Erneuerung, Nachbereitung).<\/li>\r\n      <\/ul>\r\n    <\/div>\r\n    <div class=\"fb-tip\">\r\n      <p>\ud83d\udca1 <strong>Tipp<\/strong> : Wenn Sie mehrmals pro Woche tags\u00fcber parken, ist das Abonnement in der Regel g\u00fcnstiger als der Parkscheinautomat.<\/p>\r\n    <\/div>\r\n  <\/div>\r\n\r\n  <h2>Regeln Stra\u00dfe: Fahrpl\u00e4ne &amp; Kostenloses<\/h2>\r\n  <ul>\r\n    <li><strong>Kostenpflichtig<\/strong> : Di\u2192Sa 9h-13h &amp; 14h-19h.<\/li>\r\n    <li><strong>Kostenlos<\/strong> : 19h\u21929h + <strong>montags, sonntags &amp; an Feiertagen<\/strong>.<\/li>\r\n    <li><strong>20 Min. kostenlos<\/strong> 1\u00d7\/Tag\/Fahrzeug (gr\u00fcne &amp; orange Zonen).<\/li>\r\n    <li><strong>FPS<\/strong> : 40 \u20ac (25 \u20ac innerhalb von 4 Tagen).<\/li>\r\n  <\/ul>\r\n\r\n  <h2>PMR (Bewohner &amp; Angeh\u00f6rige)<\/h2>\r\n  <div class=\"grid grid-2\">\r\n    <div class=\"fb-box\">\r\n      <p>Auf der Stra\u00dfe ist das Parken <strong>kostenlos<\/strong> f\u00fcr Inhaber eines CMI. Es gibt <a href=\"\/de\/pmr-parkplatz-72-stellplatze\/\">72 PMR-Pl\u00e4tze<\/a> in der Gemeinde (Stra\u00dfen &amp; Parkpl\u00e4tze).<\/p>\r\n    <\/div>\r\n    <div class=\"fb-box\">\r\n      <p>\ud83d\udee1\ufe0f <strong>LAPI<\/strong> : um ein falsches FPS zu vermeiden, <em>registrieren Sie die Platte<\/em> (Online-Verfahren) oder nehmen Sie einen <strong>kostenloses PMR-Ticket<\/strong> (App\/Radiator).<\/p>\r\n    <\/div>\r\n  <\/div>\r\n\r\n  <h2>Parkh\u00e4user: \u201cWerk\u201d-Abonnements\u201d<\/h2>\r\n  <p>F\u00fcr die Parkh\u00e4user im Zentrum (Napol\u00e9on, March\u00e9, Ch\u00e2teau, \u00c9tape, Place d'Armes) gibt es Monatsabonnements \u00fcber den Betreiber (<em>Interparking<\/em>).  \r\n  Zur Orientierung: Die Gr\u00f6\u00dfenordnung, die f\u00fcr monatliche Formeln mitgeteilt wurde, betrug etwa <strong>~96 \u20ac<\/strong> (variiert je nach Buch und Formel). Erkundigen Sie sich an der Rezeption\/Kasse.<\/p>\r\n\r\n  <div class=\"fb-related\">\r\n    <h2>Siehe auch<\/h2>\r\n    <ul>\r\n      <li><a href=\"\/de\/abonnements-fur-parkplatze-in-fontainebleau\/\">Abonnements (Details &amp; Schritte)<\/a><\/li>\r\n      <li><a href=\"\/de\/parken-in-der-rue-fontainebleau\/\">Parken auf der Stra\u00dfe<\/a><\/li>\r\n      <li><a href=\"\/de\/uberdachte-offentliche-parkplatze-in-fontainebleau\/\">Parkh\u00e4user \/ \u00f6ffentliche Parkpl\u00e4tze<\/a><\/li>\r\n      <li><a href=\"\/de\/pmr-parkplatz-72-stellplatze\/\">PMR (72 Pl\u00e4tze)<\/a><\/li>\r\n      <li><a href=\"\/de\/kostenloses-parken-in-fontainebleau\/\">Kostenloses Parken<\/a><\/li>\r\n    <\/ul>\r\n  <\/div>\r\n\r\n  <h2>FAQ<\/h2>\r\n  <div class=\"fb-faq\">\r\n    <details>\r\n      <summary>Wie kann ich das Anwohnerabonnement abschlie\u00dfen?<\/summary>\r\n      <p>Erstellen Sie Ihr Konto, \u00fcbermitteln Sie <strong>Fahrzeugschein<\/strong> und <strong>Wohnsitznachweis<\/strong>. Nach der Best\u00e4tigung parken Sie frei in der gr\u00fcnen Zone (Verwaltung \u00fcber PayByPhone m\u00f6glich).<\/p>\r\n    <\/details>\r\n    <details>\r\n      <summary>Kann ich mein Abonnement verleihen?<\/summary>\r\n      <p>Nein, die Berechtigung ist an ein Kennzeichen gebunden (oder an einen Haushalt gem\u00e4\u00df den Regeln, die bei der Anmeldung angegeben werden).<\/p>\r\n    <\/details>\r\n    <details>\r\n      <summary>Ich muss eine Woche im Zentrum parken (ohne Anwohner zu sein) :<\/summary>\r\n      <p>Schauen Sie sich die <strong>Pauschalangebote<\/strong> auf dem Parkplatz: z. B. <strong>Napoleon<\/strong> <em>7 Tage = 32,00 \u20ac<\/em>. F\u00fcr 24 Stunden : <strong>21,20 \u20ac<\/strong> (Napoleon\/Markt) ; <em>Schritt<\/em> : <strong>11,80 \u20ac<\/strong>.<\/p>\r\n    <\/details>\r\n  <\/div>\r\n\r\n  <p class=\"small\" style=\"color:#6b7280\">\r\n    Gepr\u00fcfte Daten: Anwohner-Abonnement 18 \u20ac\/Monat (gr\u00fcne Zone), Fahrplan\/Gratis Stra\u00dfe, 20 Min. gratis &amp; LAPI\/FPS (Stadt Fontainebleau); Interparking-Pauschalen (24 Std. &amp; 7 Tage).\r\n  <\/p>\r\n<\/div>\r\n\t\t\t\t<\/div>\n\t\t\t\t<\/div>\n\t\t\t\t\t<\/div>\n\t\t\t\t<\/div>\n\t\t\t\t<\/div>","protected":false},"excerpt":{"rendered":"<p>\u2190 Retour : O\u00f9 se garer \u00e0 Fontainebleau Le mode d\u2019emploi r\u00e9sidents : abonnement zone verte (illimit\u00e9), r\u00e8gles rue (horaires, gratuit\u00e9s), PMR, et options parkings couverts (abonnements \u201couvrage\u201d). Abonnement R\u00e9sident (zone verte illimit\u00e9e) \ud83d\udd11 Le principe 18 \u20ac \/ mois pour stationner sans limite en zone verte. Dossier en ligne (carte grise + justificatif de [&hellip;]<\/p>\n","protected":false},"author":1,"featured_media":7818,"parent":0,"menu_order":0,"comment_status":"closed","ping_status":"closed","template":"","meta":{"_seopress_robots_primary_cat":"","_seopress_titles_title":"","_seopress_titles_desc":"","_seopress_robots_index":"","_seopress_analysis_target_kw":"","_jet_sm_ready_style":"","_jet_sm_style":"","_jet_sm_controls_values":"","_jet_sm_fonts_collection":"","_jet_sm_fonts_links":"","iawp_total_views":41,"footnotes":""},"class_list":["post-7808","page","type-page","status-publish","has-post-thumbnail","hentry"],"_hostinger_reach_plugin_has_subscription_block":false,"_hostinger_reach_plugin_is_elementor":false,"_links":{"self":[{"href":"https:\/\/fontyblog.fr\/de\/wp-json\/wp\/v2\/pages\/7808","targetHints":{"allow":["GET"]}}],"collection":[{"href":"https:\/\/fontyblog.fr\/de\/wp-json\/wp\/v2\/pages"}],"about":[{"href":"https:\/\/fontyblog.fr\/de\/wp-json\/wp\/v2\/types\/page"}],"author":[{"embeddable":true,"href":"https:\/\/fontyblog.fr\/de\/wp-json\/wp\/v2\/users\/1"}],"replies":[{"embeddable":true,"href":"https:\/\/fontyblog.fr\/de\/wp-json\/wp\/v2\/comments?post=7808"}],"version-history":[{"count":7,"href":"https:\/\/fontyblog.fr\/de\/wp-json\/wp\/v2\/pages\/7808\/revisions"}],"predecessor-version":[{"id":7942,"href":"https:\/\/fontyblog.fr\/de\/wp-json\/wp\/v2\/pages\/7808\/revisions\/7942"}],"wp:featuredmedia":[{"embeddable":true,"href":"https:\/\/fontyblog.fr\/de\/wp-json\/wp\/v2\/media\/7818"}],"wp:attachment":[{"href":"https:\/\/fontyblog.fr\/de\/wp-json\/wp\/v2\/media?parent=7808"}],"curies":[{"name":"wp","href":"https:\/\/api.w.org\/{rel}","templated":true}]}}