{"id":7754,"date":"2025-10-25T19:21:15","date_gmt":"2025-10-25T17:21:15","guid":{"rendered":"https:\/\/fontyblog.fr\/?page_id=7754"},"modified":"2025-11-06T20:18:20","modified_gmt":"2025-11-06T19:18:20","slug":"praktische-tipps-zum-cleveren-parken-in-fontainebleau","status":"publish","type":"page","link":"https:\/\/fontyblog.fr\/de\/conseils-pratiques-pour-se-garer-malin-a-fontainebleau\/","title":{"rendered":"Praktische Tipps zum cleveren Parken in Fontainebleau"},"content":{"rendered":"<div data-elementor-type=\"wp-page\" data-elementor-id=\"7754\" class=\"elementor elementor-7754\" data-elementor-post-type=\"page\">\n\t\t\t\t<div class=\"elementor-element elementor-element-2c62c8d e-flex e-con-boxed e-con e-parent\" data-id=\"2c62c8d\" data-element_type=\"container\" data-e-type=\"container\">\n\t\t\t\t\t<div class=\"e-con-inner\">\n\t\t\t\t<div class=\"elementor-element elementor-element-61c82b0 elementor-widget elementor-widget-jet-listing-dynamic-image\" data-id=\"61c82b0\" data-element_type=\"widget\" data-e-type=\"widget\" data-widget_type=\"jet-listing-dynamic-image.default\">\n\t\t\t\t<div class=\"elementor-widget-container\">\n\t\t\t\t\t<div class=\"jet-listing jet-listing-dynamic-image\" ><img fetchpriority=\"high\" decoding=\"async\" width=\"1820\" height=\"1024\" src=\"https:\/\/fontyblog.fr\/wp-content\/uploads\/2025\/10\/fontainebleau-conseils-stationnement.jpg\" class=\"jet-listing-dynamic-image__img attachment-full size-full wp-post-image\" alt=\"fontainebleau-beratung-parkplatz\" srcset=\"https:\/\/fontyblog.fr\/wp-content\/uploads\/2025\/10\/fontainebleau-conseils-stationnement.jpg 1820w, https:\/\/fontyblog.fr\/wp-content\/uploads\/2025\/10\/fontainebleau-conseils-stationnement-300x169.jpg 300w, https:\/\/fontyblog.fr\/wp-content\/uploads\/2025\/10\/fontainebleau-conseils-stationnement-1024x576.jpg 1024w, https:\/\/fontyblog.fr\/wp-content\/uploads\/2025\/10\/fontainebleau-conseils-stationnement-768x432.jpg 768w, https:\/\/fontyblog.fr\/wp-content\/uploads\/2025\/10\/fontainebleau-conseils-stationnement-1536x864.jpg 1536w, https:\/\/fontyblog.fr\/wp-content\/uploads\/2025\/10\/fontainebleau-conseils-stationnement-18x10.jpg 18w\" sizes=\"(max-width: 1820px) 100vw, 1820px\" loading=\"eager\" \/><\/div>\t\t\t\t<\/div>\n\t\t\t\t<\/div>\n\t\t\t\t<div class=\"elementor-element elementor-element-41a018d elementor-widget elementor-widget-html\" data-id=\"41a018d\" data-element_type=\"widget\" data-e-type=\"widget\" data-widget_type=\"html.default\">\n\t\t\t\t<div class=\"elementor-widget-container\">\n\t\t\t\t\t<div class=\"fb-wrap\">\r\n\r\n  <!-- Fil d\u2019Ariane -->\r\n  <p class=\"breadcrumb\">\r\n    <a href=\"\/de\/oder-parken-in-fontainebleau\/\">Wo kann man in Fontainebleau parken<\/a> ' Praktische Tipps\r\n  <\/p>\r\n\r\n  <!-- Intro courte -->\r\n  <p class=\"lead\">Clevere Fahrpl\u00e4ne, bevorzugte Zonen, Tipps gegen Parkplatzangst und schnelle Links zu n\u00fctzlichen Seiten (Stra\u00dfe, Parkpl\u00e4tze, kostenlos, Behindertenparkpl\u00e4tze, Abonnements). Ziel: schnell, am richtigen Ort und zum richtigen Preis parken.<\/p>\r\n\r\n  <!-- Tuiles rapides -->\r\n  <div class=\"grid grid-3\">\r\n\r\n    <div class=\"fb-card\">\r\n      <h3>\u23f0 Schlaue Fahrpl\u00e4ne<\/h3>\r\n      <ul>\r\n        <li><strong>Fr\u00fch am Morgen<\/strong> = mehr Pl\u00e4tze.<\/li>\r\n        <li><strong>Nach 19 Uhr<\/strong> \u2192 Stra\u00dfe kostenlos (bis 9 Uhr).<\/li>\r\n        <li><strong>Sonntag &amp; Feiertage<\/strong> \u2192 kostenlose Stra\u00dfe.<\/li>\r\n      <\/ul>\r\n      <p class=\"small\">Geb\u00fchrenpflichtig Stra\u00dfe: Di\u2192Sa 9h-13h &amp; 14h-19h.<\/p>\r\n    <\/div>\r\n\r\n    <div class=\"fb-card\">\r\n      <h3>\ud83c\udd7f\ufe0f 2-3 h und +<\/h3>\r\n      <ul>\r\n        <li>\u00dcber 2-3 Stunden hinaus : <a href=\"\/de\/uberdachte-offentliche-parkplatze-in-fontainebleau\/\">Parkpl\u00e4tze<\/a> empfohlen.<\/li>\r\n        <li>Wochenende : <em>Markt<\/em> sehr wettbewerbsf\u00e4hig \u00fcber drei Stunden.<\/li>\r\n        <li>24 Stunden: Napoleon\/Markt 21,20 \u20ac; Etappe 11,80 \u20ac.<\/li>\r\n      <\/ul>\r\n    <\/div>\r\n\r\n    <div class=\"fb-card\">\r\n      <h3>\ud83d\udccd W\u00e4hle das Gebiet aus<\/h3>\r\n      <ul>\r\n        <li><strong>Orange<\/strong> (Mitte): schnelle Rotation, max. 2 Std.<\/li>\r\n        <li><strong>Gr\u00fcn<\/strong> : lange Laufzeiten &amp; <a href=\"\/de\/abonnements-fur-parkplatze-in-fontainebleau\/\">Pauschalangebote<\/a>.<\/li>\r\n        <li>5-10 min zu Fu\u00df = weniger Stress \ud83d\ude09.<\/li>\r\n      <\/ul>\r\n    <\/div>\r\n\r\n  <\/div>\r\n\r\n  <!-- Encadr\u00e9s -->\r\n  <div class=\"grid grid-2\">\r\n    <div class=\"fb-tip\">\r\n      <p>\ud83d\udca1 <strong>20 Minuten gratis<\/strong> 1\u00d7\/Tag\/Fahrzeug (App\/Datum). Perfekt f\u00fcr einen kurzen Stopp - \u00fcberpr\u00fcfen Sie das Kennzeichen!<\/p>\r\n      <p>\ud83d\udcf1 <strong>PayByPhone<\/strong> : aus der Ferne starten\/stoppen\/verl\u00e4ngern.<\/p>\r\n    <\/div>\r\n    <div class=\"fb-box\">\r\n      <p>\ud83c\udff0 <strong>In der N\u00e4he des Schlosses<\/strong> : <a href=\"\/de\/uberdachte-offentliche-parkplatze-in-fontainebleau\/\">Schloss - Place d'Armes - Napoleon<\/a>. Der Parkplatz des <strong>Schloss<\/strong> ist <strong>kostenlos 19h\u21929h<\/strong> (Abendessen\/Abendessen).<\/p>\r\n    <\/div>\r\n  <\/div>\r\n\r\n  <!-- Do \/ Don't -->\r\n  <h2>Einfach machen (und Galeeren vermeiden)<\/h2>\r\n  <div class=\"grid grid-2\">\r\n    <div class=\"fb-box\">\r\n      <h3>\u2705 Zu tun<\/h3>\r\n      <ul>\r\n        <li>Ankommen <strong>fr\u00fch<\/strong> oder zielen <strong>nach 19 Uhr<\/strong>.<\/li>\r\n        <li>Bevorzugen Sie die <a href=\"\/de\/parken-in-der-rue-fontainebleau\/\">gr\u00fcne Zone<\/a> f\u00fcr mehrere Stunden.<\/li>\r\n        <li>F\u00fcr 3-4 h: oft <a href=\"\/de\/uberdachte-offentliche-parkplatze-in-fontainebleau\/\">Parkplatz<\/a> \u27f6 einfacher\/\u00f6kologischer.<\/li>\r\n        <li>\u00dcberpr\u00fcfen Sie die\u2019<strong>Registrierung<\/strong> (vermeidet ein ungerechtfertigtes FPS).<\/li>\r\n      <\/ul>\r\n    <\/div>\r\n    <div class=\"fb-box\">\r\n      <h3>\u274c Zu vermeiden<\/h3>\r\n      <ul>\r\n        <li>Rechnen Sie mit einem Platz in <strong>orangefarbene Zone<\/strong> mitten am Tag.<\/li>\r\n        <li>Lassen Sie das Auto 24 Stunden auf der Stra\u00dfe stehen (tags\u00fcber geb\u00fchrenpflichtige Str\u00e4nde).<\/li>\r\n        <li>Ignorieren Sie Sonderschilder (Markt, Bauarbeiten, Veranstaltungen).<\/li>\r\n        <li>Vergessen\u2019<strong>alle 20 Min. aktivieren<\/strong> in kurzen Stopps.<\/li>\r\n      <\/ul>\r\n    <\/div>\r\n  <\/div>\r\n\r\n  <!-- Cas fr\u00e9quents -->\r\n  <h2>H\u00e4ufige F\u00e4lle<\/h2>\r\n  <div class=\"grid grid-3\">\r\n\r\n    <div class=\"fb-card\">\r\n      <h3>\ud83d\udc5f 2-3 Std. Wanderung<\/h3>\r\n      <p><strong>Parkplatz<\/strong> empfohlen (Napoleon\/March\u00e9). Wochenende : <em>Markt<\/em> sehr g\u00fcnstig \u00fcber 3 Std.<\/p>\r\n    <\/div>\r\n\r\n    <div class=\"fb-card\">\r\n      <h3>\ud83d\uddd3\ufe0f 24 h \/ mehrere Tage<\/h3>\r\n      <p>Schauen Sie sich die <strong>Pauschalangebote 24 Stunden \/ 7 Tage<\/strong> in <a href=\"\/de\/uberdachte-offentliche-parkplatze-in-fontainebleau\/\">Parkpl\u00e4tze<\/a>. Auf der Stra\u00dfe : <a href=\"\/de\/abonnements-fur-parkplatze-in-fontainebleau\/\">Pauschalen f\u00fcr die gr\u00fcne Zone<\/a>.<\/p>\r\n    <\/div>\r\n\r\n    <div class=\"fb-card\">\r\n      <h3>\u267f PMR<\/h3>\r\n      <p><strong>72 Stellpl\u00e4tze<\/strong> dedizierte Parkpl\u00e4tze zur Verf\u00fcgung. Auf der Stra\u00dfe: Parken <strong>kostenlos<\/strong> f\u00fcr MIF-Titeltr\u00e4ger (denken Sie an die Plakette\/LAPI). \u2192 <a href=\"\/de\/pmr-parkplatz-72-stellplatze\/\">Infos PMR<\/a><\/p>\r\n    <\/div>\r\n\r\n  <\/div>\r\n\r\n  <!-- Encadr\u00e9 Forfait zone verte (condens\u00e9) -->\r\n  <div class=\"fb-box\" style=\"background-color:#F5F7F6;\">\r\n    <h3>\ud83d\udfe9 Green Zone Flatrate (komprimiert)<\/h3>\r\n    <p>Laufzeiten : <strong>\u00bd Tag<\/strong> (~4 h), <strong>Tag<\/strong> (9-19 Uhr), <strong>7 Tage<\/strong>, <strong>15 Tage<\/strong>. Kauf auf <strong>PayByPhone<\/strong> oder in der\u2019<strong>Parkscheinautomat<\/strong>. Ideal, wenn Sie mehrere Stunden bleiben und es Ihnen nichts ausmacht, 5-10 Minuten zu laufen. \u2192 <a href=\"\/de\/abonnements-fur-parkplatze-in-fontainebleau\/\">Zu den Pauschalangeboten<\/a><\/p>\r\n  <\/div>\r\n\r\n  <!-- Liens utiles -->\r\n  <div class=\"fb-related\">\r\n    <h2>Siehe auch<\/h2>\r\n    <ul>\r\n      <li><a href=\"\/de\/parken-in-der-rue-fontainebleau\/\">Parken auf der Stra\u00dfe<\/a><\/li>\r\n      <li><a href=\"\/de\/uberdachte-offentliche-parkplatze-in-fontainebleau\/\">Parkh\u00e4user \/ \u00f6ffentliche Parkpl\u00e4tze<\/a><\/li>\r\n      <li><a href=\"\/de\/kostenloses-parken-in-fontainebleau\/\">Kostenloses Parken<\/a><\/li>\r\n      <li><a href=\"\/de\/pmr-parkplatz-72-stellplatze\/\">PMR (72 Pl\u00e4tze)<\/a><\/li>\r\n      <li><a href=\"\/de\/abonnements-fur-parkplatze-in-fontainebleau\/\">Abonnements<\/a><\/li>\r\n    <\/ul>\r\n  <\/div>\r\n\r\n  <!-- FAQ interactive -->\r\n  <br>\r\n  <h2>FAQ - Praktische Tipps<\/h2>\r\n  <div class=\"fb-faq\">\r\n\r\n    <details>\r\n      <summary>Welches sind die besten Zeiten, um leicht einen Platz zu finden?<\/summary>\r\n      <p>Im Allgemeinen, <strong>fr\u00fch am Morgen<\/strong> und <strong>nach 19 Uhr<\/strong>. Tags\u00fcber (Di\u2192Sam 9h-13h &amp; 14h-19h), zielen Sie auf die <a href=\"\/de\/parken-in-der-rue-fontainebleau\/\">gr\u00fcne Zone<\/a> in der Peripherie oder ein <a href=\"\/de\/uberdachte-offentliche-parkplatze-in-fontainebleau\/\">\u00fcberdachter Parkplatz<\/a>.<\/p>\r\n    <\/details>\r\n\r\n    <details>\r\n      <summary>Ist es an Sonn- und Feiertagen kostenpflichtig?<\/summary>\r\n      <p>Nein, die Stra\u00dfe ist <strong>kostenlos<\/strong> die <strong>Sonntag<\/strong>am <strong>Montag<\/strong> und die <strong>Feiertage<\/strong>. Nachts ist es kostenlos von <strong>19 Uhr bis 9 Uhr<\/strong>. Siehe <a href=\"\/de\/parken-in-der-rue-fontainebleau\/\">die Regeln der Stra\u00dfe<\/a>.<\/p>\r\n    <\/details>\r\n\r\n    <details>\r\n      <summary>Wie kann ich die \u201c20 Minuten gratis\u201d nutzen, ohne etwas falsch zu machen?<\/summary>\r\n      <p>Aktivieren Sie sie 1\u00d7\/Tag\/Fahrzeug \u00fcber <strong>PayByPhone<\/strong> oder den Parkscheinautomaten (geben Sie das Nummernschild ein). Perfekt f\u00fcr einen schnellen Stopp. Details hier : <a href=\"\/de\/parken-in-der-rue-fontainebleau\/\">auf der Stra\u00dfe parken<\/a>.<\/p>\r\n    <\/details>\r\n\r\n    <details>\r\n      <summary>Ich bleibe 3-4 Stunden: Stra\u00dfe oder Parkplatz?<\/summary>\r\n      <p>Nach 2-3 Stunden ist ein <a href=\"\/de\/uberdachte-offentliche-parkplatze-in-fontainebleau\/\">\u00fcberdachter Parkplatz<\/a> ist oft einfacher (und manchmal auch billiger). Wochenendtipp : <em>Parkplatz Markt<\/em> sehr g\u00fcnstig f\u00fcr 3 Std.<\/p>\r\n    <\/details>\r\n\r\n    <details>\r\n      <summary>Und f\u00fcr 24 Stunden oder mehrere Tage?<\/summary>\r\n      <p>Bevorzugen Sie <strong>Pauschalangebote 24 Stunden \/ 7 Tage<\/strong> in Parkpl\u00e4tze (siehe <a href=\"\/de\/uberdachte-offentliche-parkplatze-in-fontainebleau\/\">Parkh\u00e4user<\/a>). Auf der Stra\u00dfe <a href=\"\/de\/parken-in-der-rue-fontainebleau\/\">gr\u00fcne Zone<\/a> bietet <a href=\"\/de\/abonnements-fur-parkplatze-in-fontainebleau\/\">Pauschalangebote<\/a> (\u00bd Tag, Tag, 7 Tage...).<\/p>\r\n    <\/details>\r\n\r\n    <details>\r\n      <summary>Wo kann ich in der N\u00e4he des Schlosses f\u00fcr einen kurzen Besuch parken?<\/summary>\r\n      <p>Parkpl\u00e4tze <strong>Schloss<\/strong>, <strong>Place d'Armes<\/strong> oder <strong>Napoleon<\/strong>. F\u00fcr ein Abendessen\/Abendessen beachten Sie, dass der Parkplatz des <strong>Schloss<\/strong> ist kostenlos <strong>von 19 Uhr bis 9 Uhr<\/strong>.<\/p>\r\n    <\/details>\r\n\r\n    <details>\r\n      <summary>Gibt es in der N\u00e4he kostenlose Zeitnischen oder Stra\u00dfen?<\/summary>\r\n      <p>Ja: abends\/nachts, sonntags &amp; an Feiertagen, und Bereiche, die 5-10 min zu Fu\u00df entfernt sind. Siehe unsere dedizierte Seite : <a href=\"\/de\/kostenloses-parken-in-fontainebleau\/\">kostenloses Parken<\/a>.<\/p>\r\n    <\/details>\r\n\r\n    <details>\r\n      <summary>Wie kann man eine FPS (Forfait Post-Ptationnement) vermeiden?<\/summary>\r\n      <p>\u00dcberpr\u00fcfen Sie die <strong>Platte<\/strong> Pf\u00e4ndung an der Parkuhr \/ PayByPhone, halten Sie sich an die Dauer und die Zeiten. Bei einem vergessenen <strong>FPS<\/strong> betr\u00e4gt 40 \u20ac (25 \u20ac innerhalb von 4 Tagen). Erkl\u00e4render Kasten auf dem <a href=\"\/de\/oder-parken-in-fontainebleau\/\">Hub<\/a>.<\/p>\r\n    <\/details>\r\n\r\n    <details>\r\n      <summary>Was tun an Tagen mit Veranstaltungen (Menschenmengen, Markt, Festivals)?<\/summary>\r\n      <p>Vorausschauend: Kommen Sie an <strong>fr\u00fch<\/strong> oder parken Sie direkt in <a href=\"\/de\/uberdachte-offentliche-parkplatze-in-fontainebleau\/\">\u00fcberdachter Parkplatz<\/a>. Erw\u00e4gen Sie die <a href=\"\/de\/parken-in-der-rue-fontainebleau\/\">gr\u00fcne Zone<\/a> + Gehen 5-10 Min.<\/p>\r\n    <\/details>\r\n\r\n    <details>\r\n      <summary>Ich bin PMR: Wo sind die speziellen Stellpl\u00e4tze?<\/summary>\r\n      <p>Die Gemeinde verf\u00fcgt \u00fcber <strong>72 PMR-Stellpl\u00e4tze<\/strong>. Das Parken auf der Stra\u00dfe ist <strong>kostenlos<\/strong> f\u00fcr CMI-Inhaber (denken Sie an die Plakette\/LAPI). Siehe <a href=\"\/de\/pmr-parkplatz-72-stellplatze\/\">die PMR-Seite<\/a>.<\/p>\r\n    <\/details>\r\n\r\n    <details>\r\n      <summary>Gibt es ein Abonnement f\u00fcr Einwohner?<\/summary>\r\n      <p>Ja : <strong>18 \u20ac\/Monat<\/strong> zum Parken <strong>grenzenlos<\/strong> in der gr\u00fcnen Zone (nach Best\u00e4tigung des Dossiers). Infos: <a href=\"\/de\/abonnements-fur-parkplatze-in-fontainebleau\/\">Abonnements<\/a>.<\/p>\r\n    <\/details>\r\n\r\n    <details>\r\n      <summary>App empfohlen, um meinen Parkplatz zu verwalten?<\/summary>\r\n      <p><strong>PayByPhone<\/strong> : 20 min gratis, Fahrscheine, Verl\u00e4ngerungen, Fernhaltestellen, Pauschalangebote f\u00fcr die gr\u00fcne Zone und Anwohnerabonnements.<\/p>\r\n    <\/details>\r\n\r\n  <\/div>\r\n\r\n  <!-- Retour Hub -->\r\n  <p style=\"margin-top:20px;\"><a href=\"\/de\/oder-parken-in-fontainebleau\/\">\u2190 Zur\u00fcck zur Hub-Seite<\/a><\/p>\r\n\r\n<\/div>\r\n\t\t\t\t<\/div>\n\t\t\t\t<\/div>\n\t\t\t\t\t<\/div>\n\t\t\t\t<\/div>\n\t\t\t\t<\/div>","protected":false},"excerpt":{"rendered":"<p>O\u00f9 se garer \u00e0 Fontainebleau \u203a Conseils pratiques Horaires malins, zones \u00e0 privil\u00e9gier, astuces anti-gal\u00e8re et liens rapides vers les pages utiles (rue, parkings, gratuit, PMR, abonnements). Objectif : se garer vite, au bon endroit, au bon prix. \u23f0 Horaires malins T\u00f4t le matin = plus de places. Apr\u00e8s 19h \u2192 rue gratuite (jusqu\u2019\u00e0 9h). [&hellip;]<\/p>\n","protected":false},"author":1,"featured_media":7820,"parent":0,"menu_order":0,"comment_status":"closed","ping_status":"closed","template":"","meta":{"_seopress_robots_primary_cat":"","_seopress_titles_title":"","_seopress_titles_desc":"","_seopress_robots_index":"","_seopress_analysis_target_kw":"","_jet_sm_ready_style":"","_jet_sm_style":"","_jet_sm_controls_values":"","_jet_sm_fonts_collection":"","_jet_sm_fonts_links":"","iawp_total_views":64,"footnotes":""},"class_list":["post-7754","page","type-page","status-publish","has-post-thumbnail","hentry"],"_hostinger_reach_plugin_has_subscription_block":false,"_hostinger_reach_plugin_is_elementor":false,"_links":{"self":[{"href":"https:\/\/fontyblog.fr\/de\/wp-json\/wp\/v2\/pages\/7754","targetHints":{"allow":["GET"]}}],"collection":[{"href":"https:\/\/fontyblog.fr\/de\/wp-json\/wp\/v2\/pages"}],"about":[{"href":"https:\/\/fontyblog.fr\/de\/wp-json\/wp\/v2\/types\/page"}],"author":[{"embeddable":true,"href":"https:\/\/fontyblog.fr\/de\/wp-json\/wp\/v2\/users\/1"}],"replies":[{"embeddable":true,"href":"https:\/\/fontyblog.fr\/de\/wp-json\/wp\/v2\/comments?post=7754"}],"version-history":[{"count":10,"href":"https:\/\/fontyblog.fr\/de\/wp-json\/wp\/v2\/pages\/7754\/revisions"}],"predecessor-version":[{"id":7936,"href":"https:\/\/fontyblog.fr\/de\/wp-json\/wp\/v2\/pages\/7754\/revisions\/7936"}],"wp:featuredmedia":[{"embeddable":true,"href":"https:\/\/fontyblog.fr\/de\/wp-json\/wp\/v2\/media\/7820"}],"wp:attachment":[{"href":"https:\/\/fontyblog.fr\/de\/wp-json\/wp\/v2\/media?parent=7754"}],"curies":[{"name":"wp","href":"https:\/\/api.w.org\/{rel}","templated":true}]}}