{"id":7719,"date":"2025-10-24T13:05:15","date_gmt":"2025-10-24T11:05:15","guid":{"rendered":"https:\/\/fontyblog.fr\/?page_id=7719"},"modified":"2025-11-17T17:45:50","modified_gmt":"2025-11-17T16:45:50","slug":"pmr-parkplatz-72-stellplatze","status":"publish","type":"page","link":"https:\/\/fontyblog.fr\/de\/stationnement-pmr-72-emplacements\/","title":{"rendered":"PMR-Parkplatz (72 Stellpl\u00e4tze)"},"content":{"rendered":"<div data-elementor-type=\"wp-page\" data-elementor-id=\"7719\" class=\"elementor elementor-7719\" data-elementor-post-type=\"page\">\n\t\t\t\t<div class=\"elementor-element elementor-element-af9a0b4 e-flex e-con-boxed e-con e-parent\" data-id=\"af9a0b4\" data-element_type=\"container\" data-e-type=\"container\">\n\t\t\t\t\t<div class=\"e-con-inner\">\n\t\t\t\t<div class=\"elementor-element elementor-element-d005192 elementor-widget elementor-widget-jet-listing-dynamic-image\" data-id=\"d005192\" data-element_type=\"widget\" data-e-type=\"widget\" data-widget_type=\"jet-listing-dynamic-image.default\">\n\t\t\t\t<div class=\"elementor-widget-container\">\n\t\t\t\t\t<div class=\"jet-listing jet-listing-dynamic-image\" ><img fetchpriority=\"high\" decoding=\"async\" width=\"1536\" height=\"1024\" src=\"https:\/\/fontyblog.fr\/wp-content\/uploads\/2025\/10\/fontainebleau-stationnement-pmr.png\" class=\"jet-listing-dynamic-image__img attachment-full size-full wp-post-image\" alt=\"fontainebleau-parkplatz-pmr\" srcset=\"https:\/\/fontyblog.fr\/wp-content\/uploads\/2025\/10\/fontainebleau-stationnement-pmr.png 1536w, https:\/\/fontyblog.fr\/wp-content\/uploads\/2025\/10\/fontainebleau-stationnement-pmr-300x200.png 300w, https:\/\/fontyblog.fr\/wp-content\/uploads\/2025\/10\/fontainebleau-stationnement-pmr-1024x683.png 1024w, https:\/\/fontyblog.fr\/wp-content\/uploads\/2025\/10\/fontainebleau-stationnement-pmr-768x512.png 768w, https:\/\/fontyblog.fr\/wp-content\/uploads\/2025\/10\/fontainebleau-stationnement-pmr-18x12.png 18w\" sizes=\"(max-width: 1536px) 100vw, 1536px\" loading=\"eager\" \/><\/div>\t\t\t\t<\/div>\n\t\t\t\t<\/div>\n\t\t\t\t<div class=\"elementor-element elementor-element-17bd90c elementor-widget elementor-widget-html\" data-id=\"17bd90c\" data-element_type=\"widget\" data-e-type=\"widget\" data-widget_type=\"html.default\">\n\t\t\t\t<div class=\"elementor-widget-container\">\n\t\t\t\t\t<div class=\"fb-wrap fb-pmr\">\r\n\r\n  <p><a href=\"\/de\/oder-parken-in-fontainebleau\/\"><strong>\u2190 Zur\u00fcck: Wo man in Fontainebleau parken kann<\/strong><\/a><\/p>\r\n\r\n  <p class=\"lead\">In Fontainebleau ist das Parken f\u00fcr <strong>Personen mit eingeschr\u00e4nkter Mobilit\u00e4t (PMR)<\/strong> ist <strong>kostenlos<\/strong> im ganzen Land, auch in geb\u00fchrenpflichtigen Zonen und in mehreren Parkh\u00e4usern mit speziellen Parkpl\u00e4tzen. Denken Sie an <strong>Ihre CMI-Karte anbringen<\/strong> deutlich sichtbar. \u267f<\/p>\r\n\r\n  <div class=\"grid grid-2\">\r\n    <div class=\"fb-card\">\r\n      <h3>\ud83d\udd22 Kennzahlen<\/h3>\r\n      <ul>\r\n        <li><strong>72 PMR-Stellpl\u00e4tze<\/strong> in der Gemeinde (offizielle Gemeindeliste).<\/li>\r\n        <li>Freier Eintritt auf der Stra\u00dfe f\u00fcr Inhaber einer g\u00fcltigen Karte.<\/li>\r\n        <li>PMR-Stellpl\u00e4tze auch in <a href=\"\/de\/uberdachte-offentliche-parkplatze-in-fontainebleau\/\">Parkh\u00e4user\/\u00f6ffentliche Parkpl\u00e4tze<\/a>.<\/li>\r\n      <\/ul>\r\n    <\/div>\r\n    <div class=\"fb-box\">\r\n      <p>\ud83e\udeaa <strong>Kontrolle<\/strong> : Fahrzeug <strong>LAPI<\/strong> (automatisiertes Ablesen der Nummernschilder). So vermeiden Sie, dass Sie zu Unrecht mit einem Strafzettel belegt werden, <em>registrieren Sie Ihr Kennzeichen<\/em> (Online-Verfahren) oder nehmen Sie einen <strong>kostenloses PMR-Ticket<\/strong> (Parkuhr \/ PayByPhone).<\/p>\r\n    <\/div>\r\n  <\/div>\r\n\r\n  <h2>Nutzungsregeln (Erinnerung)<\/h2>\r\n  <ul>\r\n    <li>Die gekennzeichneten Standorte <strong>PMR<\/strong> sind den Inhabern einer g\u00fcltigen Karte vorbehalten.<\/li>\r\n    <li>Die kostenlose Nutzung gilt f\u00fcr die <strong>geb\u00fchrenpflichtige Stra\u00dfe<\/strong> und in den angegebenen Parkh\u00e4usern.<\/li>\r\n    <li>Beachten Sie die Beschilderung (Schilder + Bodenmarkierungen).<\/li>\r\n  <\/ul>\r\n\r\n  <div class=\"fb-tip\">\r\n    <h3>\ud83d\udca1 Praktischer Tipp<\/h3>\r\n    <p>Wenn der dedizierte PMR-Platz bereits belegt ist, zielen Sie direkt auf einen <a href=\"\/de\/uberdachte-offentliche-parkplatze-in-fontainebleau\/\">\u00fcberdachter Parkplatz<\/a> (Zugang rund um die Uhr): Standorte in der N\u00e4he des Zentrums und des Schlosses.<\/p>\r\n  <\/div>\r\n<br>\r\n<div class=\"fb-box\">\r\n  <h3>\ud83d\udccd PMR-Stellpl\u00e4tze nach Sektor - Fontainebleau (72)<\/h3>\r\n\r\n  <table class=\"fb-table fb-table-secteurs\">\r\n    <thead>\r\n      <tr>\r\n        <th>Sektor<\/th>\r\n        <th>Stra\u00dfe<\/th>\r\n        <th>Lage<\/th>\r\n        <th>Hinweis<\/th>\r\n      <\/tr>\r\n    <\/thead>\r\n    <tbody>\r\n\r\n      <!-- ===== CENTRE ===== -->\r\n      <tr><td><strong>Zentrum<\/strong><\/td><td>Platz Cl\u00e9menceau<\/td><td>PARKPLATZ<\/td><td>1 Platz<\/td><\/tr>\r\n      <tr><td>Zentrum<\/td><td>Mallarm\u00e9-Platz<\/td><td>n\u00b011<\/td><td>1<\/td><\/tr>\r\n      <tr><td>Zentrum<\/td><td>Stra\u00dfe Aristide Briand<\/td><td>n\u00b068<\/td><td>1<\/td><\/tr>\r\n      <tr><td>Zentrum<\/td><td>Stra\u00dfe Aristide Briand<\/td><td>n\u00b075<\/td><td>1<\/td><\/tr>\r\n      <tr><td>Zentrum<\/td><td>Stra\u00dfe von Frankreich<\/td><td>n\u00b069<\/td><td>1<\/td><\/tr>\r\n      <tr><td>Zentrum<\/td><td>Stra\u00dfe von Frankreich<\/td><td>n\u00b025<\/td><td>1<\/td><\/tr>\r\n      <tr><td>Zentrum<\/td><td>Stra\u00dfe von Frankreich<\/td><td>n\u00b015<\/td><td>1<\/td><\/tr>\r\n      <tr><td>Zentrum<\/td><td>Stra\u00dfe von Frankreich<\/td><td>Victoria Hotel<\/td><td>1<\/td><\/tr>\r\n      <tr><td>Zentrum<\/td><td>Rue de l'Arbre Sec (Stra\u00dfe des trockenen Baumes)<\/td><td>n\u00b024<\/td><td>1<\/td><\/tr>\r\n      <tr><td>Zentrum<\/td><td>Rue de la Chancellerie (Stra\u00dfe der Kanzlei)<\/td><td>Fassade Post<\/td><td>1<\/td><\/tr>\r\n      <tr><td>Zentrum<\/td><td>Rue de la Paroisse (Stra\u00dfe der Pfarrei)<\/td><td>Gegen\u00fcber von Nr. 7<\/td><td>1<\/td><\/tr>\r\n      <tr><td>Zentrum<\/td><td>Stra\u00dfe des Bois<\/td><td>n\u00b02<\/td><td>1<\/td><\/tr>\r\n      <tr><td>Zentrum<\/td><td>Stra\u00dfe des Provenceaux<\/td><td>n\u00b013<\/td><td>1<\/td><\/tr>\r\n      <tr><td>Zentrum<\/td><td>Stra\u00dfe des Provenceaux<\/td><td>n\u00b03<\/td><td>1<\/td><\/tr>\r\n      <tr><td>Zentrum<\/td><td>Rue du Bon Secours<\/td><td>n\u00b07<\/td><td>1<\/td><\/tr>\r\n      <tr><td>Zentrum<\/td><td>Rue du Bon Secours<\/td><td>n\u00b05<\/td><td>1<\/td><\/tr>\r\n      <tr><td>Zentrum<\/td><td>Stra\u00dfe du Conventionnel Geoffroy<\/td><td>Angle Bon-Secours - Nr. 2<\/td><td>1<\/td><\/tr>\r\n      <tr><td>Zentrum<\/td><td>Rue du Sergent Perrier<\/td><td>n\u00b06<\/td><td>1<\/td><\/tr>\r\n      <tr><td>Zentrum<\/td><td>Rue Grande<\/td><td>n\u00b0103<\/td><td>1<\/td><\/tr>\r\n      <tr><td>Zentrum<\/td><td>Rue Grande<\/td><td>n\u00b0138<\/td><td>1<\/td><\/tr>\r\n      <tr><td>Zentrum<\/td><td>Rue Grande<\/td><td>n\u00b0240<\/td><td>1<\/td><\/tr>\r\n      <tr><td>Zentrum<\/td><td>Rue Grande<\/td><td>n\u00b013<\/td><td>1<\/td><\/tr>\r\n      <tr><td>Zentrum<\/td><td>Stra\u00dfe Henri Chapu<\/td><td>Nr. 1a<\/td><td>1<\/td><\/tr>\r\n      <tr><td>Zentrum<\/td><td>Stra\u00dfe Le Primatice<\/td><td>n\u00b024<\/td><td>1<\/td><\/tr>\r\n      <tr><td>Zentrum<\/td><td>Stra\u00dfe Magitot<\/td><td>Geb\u00e4ude Nr. 2<\/td><td>1<\/td><\/tr>\r\n      <tr><td>Zentrum<\/td><td>Stra\u00dfe Marcel Lods<\/td><td>-<\/td><td>1<\/td><\/tr>\r\n      <tr><td>Zentrum<\/td><td>Stra\u00dfe Paul Jozon<\/td><td>n\u00b023<\/td><td>1<\/td><\/tr>\r\n      <tr><td>Zentrum<\/td><td>Stra\u00dfe Paul S\u00e9ramy<\/td><td>Nr. 1 in der Fassade<\/td><td>1<\/td><\/tr>\r\n      <tr><td>Zentrum<\/td><td>Stra\u00dfe Paul S\u00e9ramy<\/td><td>Winterwald<\/td><td>1<\/td><\/tr>\r\n      <tr><td>Zentrum<\/td><td>K\u00f6nigliche Stra\u00dfe<\/td><td>n\u00b04<\/td><td>1<\/td><\/tr>\r\n      <tr><td>Zentrum<\/td><td>K\u00f6nigliche Stra\u00dfe<\/td><td>n\u00b032<\/td><td>1<\/td><\/tr>\r\n      <tr><td>Zentrum<\/td><td>K\u00f6nigliche Stra\u00dfe<\/td><td>Unterpr\u00e4fektur<\/td><td>1<\/td><\/tr>\r\n      <tr><td>Zentrum<\/td><td>Stra\u00dfe Saint Merry<\/td><td>n\u00b056<\/td><td>1<\/td><\/tr>\r\n      <tr><td>Zentrum<\/td><td>Stra\u00dfe Victor Hugo<\/td><td>n\u00b02<\/td><td>1<\/td><\/tr>\r\n      <tr><td>Zentrum<\/td><td>Stra\u00dfe Lagorsse<\/td><td>n\u00b09<\/td><td>1<\/td><\/tr>\r\n      <tr><td>Zentrum<\/td><td>Descamps-Platz<\/td><td>Nr. 3 und 7<\/td><td>2<\/td><\/tr>\r\n      <tr><td>Zentrum<\/td><td>Stra\u00dfe Saint Merry<\/td><td>Eingang zum Unterterrain Couperin<\/td><td>2<\/td><\/tr>\r\n      <tr><td>Zentrum<\/td><td>Stra\u00dfe Saint Merry<\/td><td>n\u00b049<\/td><td>2<\/td><\/tr>\r\n\r\n      <!-- ===== CH\u00c2TEAU ===== -->\r\n      <tr><td><strong>Schloss<\/strong><\/td><td>Stra\u00dfe des Schlosses<\/td><td>n\u00b02<\/td><td>1<\/td><\/tr>\r\n      <tr><td>Schloss<\/td><td>Stra\u00dfe des Schlosses<\/td><td>n\u00b036<\/td><td>1<\/td><\/tr>\r\n      <tr><td>Schloss<\/td><td>Stra\u00dfe des Schlosses<\/td><td>n\u00b046<\/td><td>1<\/td><\/tr>\r\n      <tr><td>Schloss<\/td><td>Rue de la Chancellerie (Stra\u00dfe der Kanzlei)<\/td><td>Fassade Post<\/td><td>1 (R\u00fcckruf)<\/td><\/tr>\r\n      <tr><td>Schloss<\/td><td>Boulevard Magenta<\/td><td>Ecke Rue Saint-Louis<\/td><td>2<\/td><\/tr>\r\n      <tr><td>Schloss<\/td><td>Stra\u00dfe Saint Honor\u00e9<\/td><td>Nr. 109 Ecke Rue de la Paroisse<\/td><td>1<\/td><\/tr>\r\n\r\n      <!-- ===== AVON ===== -->\r\n      <tr><td><strong>Avon<\/strong><\/td><td>Stra\u00dfe d'Avon<\/td><td>n\u00b01<\/td><td>1<\/td><\/tr>\r\n      <tr><td>Avon<\/td><td>Stra\u00dfe d'Avon<\/td><td>n\u00b019<\/td><td>1<\/td><\/tr>\r\n      <tr><td>Avon<\/td><td>Stra\u00dfe d'Avon<\/td><td>n\u00b028<\/td><td>1<\/td><\/tr>\r\n      <tr><td>Avon<\/td><td>Route de l'Hermitage<\/td><td>Swimmingpool<\/td><td>2<\/td><\/tr>\r\n      <tr><td>Avon<\/td><td>Stra\u00dfe Anne Marie Javouhey<\/td><td>n\u00b02<\/td><td>2<\/td><\/tr>\r\n      <tr><td>Avon<\/td><td>Boulevard Crevat Durant<\/td><td>n\u00b01<\/td><td>2<\/td><\/tr>\r\n\r\n      <!-- ===== P\u00c9RIPH\u00c9RIE ===== -->\r\n      <tr><td><strong>Peripherie<\/strong><\/td><td>Boulevard Joffre<\/td><td>Der Nebel - Nr. 43<\/td><td>1<\/td><\/tr>\r\n      <tr><td>Peripherie<\/td><td>Boulevard Leclerc<\/td><td>Nr. 21 bis 23<\/td><td>1<\/td><\/tr>\r\n      <tr><td>Peripherie<\/td><td>Boulevard Magenta<\/td><td>n\u00b043<\/td><td>1<\/td><\/tr>\r\n      <tr><td>Peripherie<\/td><td>Impasse des Provenceaux<\/td><td>n\u00b037<\/td><td>1<\/td><\/tr>\r\n      <tr><td>Peripherie<\/td><td>Stra\u00dfe Marcel Lods<\/td><td>-<\/td><td>1 (modernes Viertel)<\/td><\/tr>\r\n      <tr><td>Peripherie<\/td><td>Avenue Mar\u00e9chal de Villars<\/td><td>Parkplatz Halle de Villars<\/td><td>8<\/td><\/tr>\r\n      <tr><td>Peripherie<\/td><td>Stra\u00dfe du Mont Ussy<\/td><td>Masa Nr. 6<\/td><td>1<\/td><\/tr>\r\n      <tr><td>Peripherie<\/td><td>Rue de la Cloche (Stra\u00dfe der Glocke)<\/td><td>Gegen\u00fcber von Nr. 38<\/td><td>1<\/td><\/tr>\r\n      <tr><td>Peripherie<\/td><td>Stra\u00dfe Ren\u00e9 Quinton<\/td><td>Gegen\u00fcber von Nr. 11<\/td><td>1<\/td><\/tr>\r\n      <tr><td>Peripherie<\/td><td>Stra\u00dfe Aristide Briand<\/td><td>Nr. 30 Ecke Rue d'Alsace<\/td><td>1<\/td><\/tr>\r\n\r\n    <\/tbody>\r\n    <tfoot>\r\n      <tr>\r\n        <th colspan=\"3\">TOTAL<\/th>\r\n        <th>72<\/th>\r\n      <\/tr>\r\n    <\/tfoot>\r\n  <\/table>\r\n\r\n  <p class=\"small\">Die Aufteilung nach Sektoren ist indikativ und kann angepasst werden (z. B. Magenta\/Chancellerie zwischen \u201cCentre\u201d und \u201cCh\u00e2teau\u201d). Die Summe pro Zeile bleibt im Einklang mit dem Erlass (72).<\/p>\r\n<\/div>\r\n\r\n<!-- Styles identiques + responsive -->\r\n<style>\r\n  .fb-box { border:1px solid #e9ecef; border-left:6px solid #226D68; background:#f8fdfc; border-radius:14px; padding:16px 18px; }\r\n  .fb-box h3 { margin-top:0; }\r\n  .fb-table { width:100%; border-collapse:separate; border-spacing:0; overflow:hidden; border-radius:12px; }\r\n  .fb-table thead th { text-align:left; background:#226D68; color:#fff; padding:10px 12px; font-weight:600; }\r\n  .fb-table tbody td { padding:10px 12px; border-top:1px solid #eef3f2; }\r\n  .fb-table tbody tr:nth-child(odd) { background:#ffffff; }\r\n  .fb-table tbody tr:nth-child(even) { background:#f5faf8; }\r\n  .fb-table tfoot th { background:#F9A826; color:#1a1a1a; padding:10px 12px; text-align:right; }\r\n  .fb-table tfoot th:last-child { text-align:center; }\r\n\r\n  \/* Mobile cards *\/\r\n  @media (max-width: 680px){\r\n    .fb-table thead { display:none; }\r\n    .fb-table, .fb-table tbody, .fb-table tr, .fb-table td { display:block; width:100%; }\r\n    .fb-table tr { margin-bottom:10px; border:1px solid #eef3f2; border-radius:10px; overflow:hidden; }\r\n    .fb-table td { border:none; border-bottom:1px solid #eef3f2; }\r\n    .fb-table td::before { content: attr(data-label); display:block; font-weight:600; color:#226D68; margin-bottom:4px; }\r\n  }\r\n<\/style>\r\n\r\n\r\n  <div class=\"fb-related\">\r\n    <h2>Siehe auch<\/h2>\r\n    <ul>\r\n      <li><a href=\"\/de\/parken-in-der-rue-fontainebleau\/\">Parken auf der Stra\u00dfe<\/a><\/li>\r\n      <li><a href=\"\/de\/uberdachte-offentliche-parkplatze-in-fontainebleau\/\">Parkh\u00e4user \/ \u00f6ffentliche Parkpl\u00e4tze<\/a><\/li>\r\n      <li><a href=\"\/de\/kostenloses-parken-in-fontainebleau\/\">Kostenloses Parken<\/a><\/li>\r\n      <li><a href=\"\/de\/abonnements-fur-parkplatze-in-fontainebleau\/\">Abonnements (Einwohner &amp; Profis)<\/a><\/li>\r\n    <\/ul>\r\n  <\/div>\r\n\r\n  <h2>FAQ<\/h2>\r\n  <div class=\"fb-faq\">\r\n    <details>\r\n      <summary>Sind PMR-Pl\u00e4tze kostenpflichtig?<\/summary>\r\n      <p>Nein. Sie sind <strong>kostenlos<\/strong> bei Inhabern einer g\u00fcltigen Karte, Karte deutlich sichtbar anbringen.<\/p>\r\n    <\/details>\r\n    <details>\r\n      <summary>Wo finde ich einen Behindertenparkplatz in der N\u00e4he des Schlosses?<\/summary>\r\n      <p>In Parkh\u00e4usern <strong>Schloss<\/strong>, <strong>Place d'Armes<\/strong> und <strong>Napoleon<\/strong>, Die meisten Sch\u00fclerinnen und Sch\u00fcler haben die M\u00f6glichkeit, sich in der Umgebung des Schlosses zu bewegen (Bodenmarkierungen und Schilder).<\/p>\r\n    <\/details>\r\n    <details>\r\n      <summary>Muss ich zus\u00e4tzlich zur Karte ein Ticket ziehen?<\/summary>\r\n      <p>Wenn Ihr Kennzeichen nicht von der LAPI erkannt wird, nehmen Sie einen <strong>kostenloses PMR-Ticket<\/strong> (App\/Timer), um zu vermeiden, dass zu Unrecht ein Strafzettel ausgestellt wird.<\/p>\r\n    <\/details>\r\n    <details>\r\n      <summary>Wie melde ich ein Problem auf einem PMR-Platz?<\/summary>\r\n      <p>Wenden Sie sich mit der genauen Adresse (n\u00fctzliches Foto) an die Stadtpolizei \/ Stadt\u00e4mter.<\/p>\r\n    <\/details>\r\n  <\/div>\r\n\r\n  <p class=\"small\" style=\"color:#6b7280\">\r\n    Offizielle Erinnerungen: Kostenloser Eintritt f\u00fcr Personen mit eingeschr\u00e4nkter Mobilit\u00e4t, Liste der 72 Stellpl\u00e4tze, LAPI-Kontrolle (Stadt Fontainebleau \/ Gemeinderatsbeschluss). \r\n  <\/p>\r\n<\/div>\r\n\t\t\t\t<\/div>\n\t\t\t\t<\/div>\n\t\t\t\t\t<\/div>\n\t\t\t\t<\/div>\n\t\t\t\t<\/div>","protected":false},"excerpt":{"rendered":"<p>\u2190 Retour : O\u00f9 se garer \u00e0 Fontainebleau \u00c0 Fontainebleau, le stationnement pour les personnes \u00e0 mobilit\u00e9 r\u00e9duite (PMR) est gratuit sur l\u2019ensemble du territoire, y compris en zones payantes et dans plusieurs parkings disposant d\u2019emplacements d\u00e9di\u00e9s. Pensez \u00e0 apposer votre carte CMI bien visible. \u267f \ud83d\udd22 Chiffres cl\u00e9s 72 emplacements PMR sur la commune [&hellip;]<\/p>\n","protected":false},"author":1,"featured_media":7822,"parent":0,"menu_order":0,"comment_status":"closed","ping_status":"closed","template":"","meta":{"_seopress_robots_primary_cat":"","_seopress_titles_title":"","_seopress_titles_desc":"","_seopress_robots_index":"","_seopress_analysis_target_kw":"","_jet_sm_ready_style":"","_jet_sm_style":"","_jet_sm_controls_values":"","_jet_sm_fonts_collection":"","_jet_sm_fonts_links":"","iawp_total_views":70,"footnotes":""},"class_list":["post-7719","page","type-page","status-publish","has-post-thumbnail","hentry"],"_hostinger_reach_plugin_has_subscription_block":false,"_hostinger_reach_plugin_is_elementor":false,"_links":{"self":[{"href":"https:\/\/fontyblog.fr\/de\/wp-json\/wp\/v2\/pages\/7719","targetHints":{"allow":["GET"]}}],"collection":[{"href":"https:\/\/fontyblog.fr\/de\/wp-json\/wp\/v2\/pages"}],"about":[{"href":"https:\/\/fontyblog.fr\/de\/wp-json\/wp\/v2\/types\/page"}],"author":[{"embeddable":true,"href":"https:\/\/fontyblog.fr\/de\/wp-json\/wp\/v2\/users\/1"}],"replies":[{"embeddable":true,"href":"https:\/\/fontyblog.fr\/de\/wp-json\/wp\/v2\/comments?post=7719"}],"version-history":[{"count":16,"href":"https:\/\/fontyblog.fr\/de\/wp-json\/wp\/v2\/pages\/7719\/revisions"}],"predecessor-version":[{"id":7945,"href":"https:\/\/fontyblog.fr\/de\/wp-json\/wp\/v2\/pages\/7719\/revisions\/7945"}],"wp:featuredmedia":[{"embeddable":true,"href":"https:\/\/fontyblog.fr\/de\/wp-json\/wp\/v2\/media\/7822"}],"wp:attachment":[{"href":"https:\/\/fontyblog.fr\/de\/wp-json\/wp\/v2\/media?parent=7719"}],"curies":[{"name":"wp","href":"https:\/\/api.w.org\/{rel}","templated":true}]}}