{"id":7714,"date":"2025-10-24T13:01:19","date_gmt":"2025-10-24T11:01:19","guid":{"rendered":"https:\/\/fontyblog.fr\/?page_id=7714"},"modified":"2025-11-06T20:32:01","modified_gmt":"2025-11-06T19:32:01","slug":"kostenloses-parken-in-fontainebleau","status":"publish","type":"page","link":"https:\/\/fontyblog.fr\/de\/stationnement-gratuit-a-fontainebleau\/","title":{"rendered":"Kostenloses Parken in Fontainebleau"},"content":{"rendered":"<div data-elementor-type=\"wp-page\" data-elementor-id=\"7714\" class=\"elementor elementor-7714\" data-elementor-post-type=\"page\">\n\t\t\t\t<div class=\"elementor-element elementor-element-7e14c3d e-flex e-con-boxed e-con e-parent\" data-id=\"7e14c3d\" data-element_type=\"container\" data-e-type=\"container\">\n\t\t\t\t\t<div class=\"e-con-inner\">\n\t\t\t\t<div class=\"elementor-element elementor-element-ba03ee6 elementor-widget elementor-widget-jet-listing-dynamic-image\" data-id=\"ba03ee6\" data-element_type=\"widget\" data-e-type=\"widget\" data-widget_type=\"jet-listing-dynamic-image.default\">\n\t\t\t\t<div class=\"elementor-widget-container\">\n\t\t\t\t\t<div class=\"jet-listing jet-listing-dynamic-image\" ><img fetchpriority=\"high\" decoding=\"async\" width=\"1280\" height=\"720\" src=\"https:\/\/fontyblog.fr\/wp-content\/uploads\/2025\/10\/fontainebleau-stationnement-gratuit.jpg\" class=\"jet-listing-dynamic-image__img attachment-full size-full wp-post-image\" alt=\"fontainebleau-kostenloses-parken\" srcset=\"https:\/\/fontyblog.fr\/wp-content\/uploads\/2025\/10\/fontainebleau-stationnement-gratuit.jpg 1280w, https:\/\/fontyblog.fr\/wp-content\/uploads\/2025\/10\/fontainebleau-stationnement-gratuit-300x169.jpg 300w, https:\/\/fontyblog.fr\/wp-content\/uploads\/2025\/10\/fontainebleau-stationnement-gratuit-1024x576.jpg 1024w, https:\/\/fontyblog.fr\/wp-content\/uploads\/2025\/10\/fontainebleau-stationnement-gratuit-768x432.jpg 768w, https:\/\/fontyblog.fr\/wp-content\/uploads\/2025\/10\/fontainebleau-stationnement-gratuit-18x10.jpg 18w\" sizes=\"(max-width: 1280px) 100vw, 1280px\" loading=\"eager\" \/><\/div>\t\t\t\t<\/div>\n\t\t\t\t<\/div>\n\t\t\t\t<div class=\"elementor-element elementor-element-ab6e16f elementor-widget elementor-widget-html\" data-id=\"ab6e16f\" data-element_type=\"widget\" data-e-type=\"widget\" data-widget_type=\"html.default\">\n\t\t\t\t<div class=\"elementor-widget-container\">\n\t\t\t\t\t<div class=\"fb-wrap\">\r\n\r\n  <p><a href=\"\/de\/oder-parken-in-fontainebleau\/\"><strong>\u2190 Zur\u00fcck: Wo man in Fontainebleau parken kann<\/strong><\/a><\/p>\r\n\r\n  <p class=\"lead\">Hier ist <strong>wo und wann es kostenlos ist<\/strong> in Fontainebleau: Zeitnischen auf der Stra\u00dfe, <strong>20 Min. gratis 1\u00d7\/Tag<\/strong>, kostenlose Sonn- und Feiertage und clevere Alternativen.<\/p>\r\n\r\n  <h2>Kostenlose Slots auf der Stra\u00dfe<\/h2>\r\n  <div class=\"grid grid-2\">\r\n    <div class=\"fb-box\">\r\n      <p>\ud83c\udf19 <strong>Von 19 Uhr bis 9 Uhr<\/strong> : kostenlos von Dienstag bis Samstag (Nacht).<\/p>\r\n      <p>\ud83d\uddd3\ufe0f <strong>Montags, sonntags &amp; an Feiertagen<\/strong> : den ganzen Tag \u00fcber kostenlos.<\/p>\r\n      <p>\u23f1\ufe0f <strong>20 Minuten gratis<\/strong> : <em>1\u00d7\/Tag\/Fahrzeug<\/em> in Zonen <em>gr\u00fcn<\/em> und <em>orange<\/em> (via <strong>PayByPhone<\/strong> oder Zeitstempel).<\/p>\r\n    <\/div>\r\n    <div class=\"fb-tip\">\r\n      <p>\ud83d\udca1 <strong>Schnelles Rennen<\/strong> : Denken Sie an <strong>20 min<\/strong> statt eines 10-Minuten-Tickets.<\/p>\r\n      <p>\ud83d\udeb6 <strong>5-10 Minuten zu Fu\u00df entfernt<\/strong> des Hyperzentrums finden Sie je nach Uhrzeit oft mehr Verf\u00fcgbarkeiten.<\/p>\r\n    <\/div>\r\n  <\/div>\r\n\r\n  <h2>Gut gew\u00e4hlt nach Ihrem Timing<\/h2>\r\n  <ul>\r\n    <li><strong>Kurzer Besuch (\u2264 2 h)<\/strong> : Versuchen Sie es auf der Stra\u00dfe in der N\u00e4he des Zentrums, vor allem au\u00dferhalb der Spitzenzeiten.<\/li>\r\n    <li><strong>Mehrere Stunden<\/strong> : bevorzugen Sie einen <a href=\"\/de\/uberdachte-offentliche-parkplatze-in-fontainebleau\/\">\u00fcberdachter\/\u00f6ffentlicher Parkplatz<\/a> (oft einfacher\/\u00f6kologischer).<\/li>\r\n    <li><strong>Abend<\/strong> : kommen Sie zu <strong>19h<\/strong> um von der kostenlosen Nutzung auf der Stra\u00dfe zu profitieren.<\/li>\r\n  <\/ul>\r\n\r\n  <h2>Besondere F\u00e4lle<\/h2>\r\n  <div class=\"grid grid-2\">\r\n    <div class=\"fb-card\">\r\n      <h3>\u267f PMR<\/h3>\r\n      <p>Auf der Stra\u00dfe : <strong>kostenlos<\/strong> f\u00fcr Inhaberinnen und Inhaber eines CMI + <a href=\"\/de\/pmr-parkplatz-72-stellplatze\/\">72 dedizierte Stellpl\u00e4tze<\/a>. Um eine Verbalisierung durch LAPI zu vermeiden : <em>registrieren Sie die Platte<\/em> (Online-Verfahren) oder nehmen Sie einen <strong>kostenloses PMR-Ticket<\/strong> (App\/Radiator).<\/p>\r\n    <\/div>\r\n    <div class=\"fb-card\">\r\n      <h3>\ud83c\udf19 Kostenloses Parken in der Nacht<\/h3>\r\n      <p>Die <strong>Parkplatz des Schlosses<\/strong> ist <strong>kostenlos von 19:00 bis 9:00 Uhr<\/strong> : N\u00fctzlich f\u00fcr einen Abend\/ein Essen im Zentrum.<\/p>\r\n    <\/div>\r\n  <\/div>\r\n\r\n  <div class=\"fb-related\">\r\n    <h2>Siehe auch<\/h2>\r\n    <ul>\r\n      <li><a href=\"\/de\/parken-in-der-rue-fontainebleau\/\">Parken auf der Stra\u00dfe (Zeiten &amp; Zonen)<\/a><\/li>\r\n      <li><a href=\"\/de\/uberdachte-offentliche-parkplatze-in-fontainebleau\/\">Parkh\u00e4user \/ \u00f6ffentliche Parkpl\u00e4tze<\/a><\/li>\r\n      <li><a href=\"\/de\/pmr-parkplatz-72-stellplatze\/\">PMR-Parken<\/a><\/li>\r\n      <li><a href=\"\/de\/praktische-tipps-zum-cleveren-parken-in-fontainebleau\/\">Praktische Tipps<\/a><\/li>\r\n    <\/ul>\r\n  <\/div>\r\n\r\n  <h2>FAQ<\/h2>\r\n  <div class=\"fb-faq\">\r\n    <details>\r\n      <summary>Ist das Parken am Sonntag kostenlos?<\/summary>\r\n      <p>Ja: Die Stra\u00dfe ist <strong>kostenlos<\/strong> die <strong>Sonntag<\/strong> (und die <strong>Feiertage<\/strong>), sowie das <strong>Montag<\/strong>.<\/p>\r\n    <\/details>\r\n    <details>\r\n      <summary>Ab welcher Uhrzeit ist es abends kostenlos?<\/summary>\r\n      <p>Ab <strong>19h<\/strong>, bis <strong>9h<\/strong> am n\u00e4chsten Tag (Dienstag bis Samstag).<\/p>\r\n    <\/details>\r\n    <details>\r\n      <summary>Wie kann ich die kostenlosen 20 Minuten nutzen?<\/summary>\r\n      <p>Aktivieren Sie sie \u00fcber <strong>PayByPhone<\/strong> oder an der Parkuhr. <strong>1 Mal\/Tag\/Fahrzeug<\/strong>, g\u00fcltig in <em>gr\u00fcne Zone<\/em> und <em>orange<\/em>.<\/p>\r\n    <\/details>\r\n    <details>\r\n      <summary>Was ist, wenn ich zu den richtigen Zeiten keine kostenlosen Angebote finde?<\/summary>\r\n      <p>Gehen Sie direkt in <a href=\"\/de\/uberdachte-offentliche-parkplatze-in-fontainebleau\/\">\u00fcberdachter\/\u00f6ffentlicher Parkplatz<\/a> (Zentrum\/Schloss, 24\/24). Tipp : <strong>Markt<\/strong> bietet <strong>3 h = 2,20 \u20ac<\/strong> Fr-Sa-So.<\/p>\r\n    <\/details>\r\n  <\/div>\r\n\r\n  <p class=\"small\" style=\"color:#6b7280\">Quellen: Stadt Fontainebleau - \u00d6ffnungszeiten Stra\u00dfe, Gratisangebote, 20 min gratis, LAPI\/PMR; Angebot Markt &amp; Gratisangebot Nacht Schloss.<\/p>\r\n<\/div>\r\n\t\t\t\t<\/div>\n\t\t\t\t<\/div>\n\t\t\t\t\t<\/div>\n\t\t\t\t<\/div>\n\t\t\t\t<\/div>","protected":false},"excerpt":{"rendered":"<p>\u2190 Retour : O\u00f9 se garer \u00e0 Fontainebleau Voici o\u00f9 et quand c\u2019est gratuit \u00e0 Fontainebleau : cr\u00e9neaux en rue, 20&nbsp;min gratuites 1\u00d7\/jour, gratuit\u00e9 dominicale &#038; jours f\u00e9ri\u00e9s, et alternatives malines. Cr\u00e9neaux gratuits en rue \ud83c\udf19 De 19h \u00e0 9h : gratuit du mardi au samedi (nuit). \ud83d\uddd3\ufe0f Lundis, dimanches &#038; jours f\u00e9ri\u00e9s : gratuit [&hellip;]<\/p>\n","protected":false},"author":1,"featured_media":7823,"parent":0,"menu_order":0,"comment_status":"closed","ping_status":"closed","template":"","meta":{"_seopress_robots_primary_cat":"","_seopress_titles_title":"","_seopress_titles_desc":"","_seopress_robots_index":"","_seopress_analysis_target_kw":"","_jet_sm_ready_style":"","_jet_sm_style":"","_jet_sm_controls_values":"","_jet_sm_fonts_collection":"","_jet_sm_fonts_links":"","iawp_total_views":762,"footnotes":""},"class_list":["post-7714","page","type-page","status-publish","has-post-thumbnail","hentry"],"_hostinger_reach_plugin_has_subscription_block":false,"_hostinger_reach_plugin_is_elementor":false,"_links":{"self":[{"href":"https:\/\/fontyblog.fr\/de\/wp-json\/wp\/v2\/pages\/7714","targetHints":{"allow":["GET"]}}],"collection":[{"href":"https:\/\/fontyblog.fr\/de\/wp-json\/wp\/v2\/pages"}],"about":[{"href":"https:\/\/fontyblog.fr\/de\/wp-json\/wp\/v2\/types\/page"}],"author":[{"embeddable":true,"href":"https:\/\/fontyblog.fr\/de\/wp-json\/wp\/v2\/users\/1"}],"replies":[{"embeddable":true,"href":"https:\/\/fontyblog.fr\/de\/wp-json\/wp\/v2\/comments?post=7714"}],"version-history":[{"count":13,"href":"https:\/\/fontyblog.fr\/de\/wp-json\/wp\/v2\/pages\/7714\/revisions"}],"predecessor-version":[{"id":7948,"href":"https:\/\/fontyblog.fr\/de\/wp-json\/wp\/v2\/pages\/7714\/revisions\/7948"}],"wp:featuredmedia":[{"embeddable":true,"href":"https:\/\/fontyblog.fr\/de\/wp-json\/wp\/v2\/media\/7823"}],"wp:attachment":[{"href":"https:\/\/fontyblog.fr\/de\/wp-json\/wp\/v2\/media?parent=7714"}],"curies":[{"name":"wp","href":"https:\/\/api.w.org\/{rel}","templated":true}]}}