{"id":7709,"date":"2025-10-24T12:58:28","date_gmt":"2025-10-24T10:58:28","guid":{"rendered":"https:\/\/fontyblog.fr\/?page_id=7709"},"modified":"2025-11-06T20:35:08","modified_gmt":"2025-11-06T19:35:08","slug":"uberdachte-offentliche-parkplatze-in-fontainebleau","status":"publish","type":"page","link":"https:\/\/fontyblog.fr\/de\/parkings-a-fontainebleau-couverts-publics\/","title":{"rendered":"Parkpl\u00e4tze in Fontainebleau (\u00fcberdacht \/ \u00f6ffentlich)"},"content":{"rendered":"<div data-elementor-type=\"wp-page\" data-elementor-id=\"7709\" class=\"elementor elementor-7709\" data-elementor-post-type=\"page\">\n\t\t\t\t<div class=\"elementor-element elementor-element-a8a62c6 e-flex e-con-boxed e-con e-parent\" data-id=\"a8a62c6\" data-element_type=\"container\" data-e-type=\"container\">\n\t\t\t\t\t<div class=\"e-con-inner\">\n\t\t\t\t<div class=\"elementor-element elementor-element-b529d8f elementor-widget elementor-widget-jet-listing-dynamic-image\" data-id=\"b529d8f\" data-element_type=\"widget\" data-e-type=\"widget\" data-widget_type=\"jet-listing-dynamic-image.default\">\n\t\t\t\t<div class=\"elementor-widget-container\">\n\t\t\t\t\t<div class=\"jet-listing jet-listing-dynamic-image\" ><img fetchpriority=\"high\" decoding=\"async\" width=\"1280\" height=\"720\" src=\"https:\/\/fontyblog.fr\/wp-content\/uploads\/2025\/10\/fontainebleau-parkings-couverts-publics.jpg\" class=\"jet-listing-dynamic-image__img attachment-full size-full wp-post-image\" alt=\"fontainebleau-parkings-couverts-publics\" srcset=\"https:\/\/fontyblog.fr\/wp-content\/uploads\/2025\/10\/fontainebleau-parkings-couverts-publics.jpg 1280w, https:\/\/fontyblog.fr\/wp-content\/uploads\/2025\/10\/fontainebleau-parkings-couverts-publics-300x169.jpg 300w, https:\/\/fontyblog.fr\/wp-content\/uploads\/2025\/10\/fontainebleau-parkings-couverts-publics-1024x576.jpg 1024w, https:\/\/fontyblog.fr\/wp-content\/uploads\/2025\/10\/fontainebleau-parkings-couverts-publics-768x432.jpg 768w, https:\/\/fontyblog.fr\/wp-content\/uploads\/2025\/10\/fontainebleau-parkings-couverts-publics-18x10.jpg 18w\" sizes=\"(max-width: 1280px) 100vw, 1280px\" loading=\"eager\" \/><\/div>\t\t\t\t<\/div>\n\t\t\t\t<\/div>\n\t\t\t\t<div class=\"elementor-element elementor-element-c701051 elementor-widget elementor-widget-html\" data-id=\"c701051\" data-element_type=\"widget\" data-e-type=\"widget\" data-widget_type=\"html.default\">\n\t\t\t\t<div class=\"elementor-widget-container\">\n\t\t\t\t\t<div class=\"fb-wrap\">\r\n\r\n  <p><a href=\"\/de\/oder-parken-in-fontainebleau\/\"><strong>\u2190 Zur\u00fcck: Wo man in Fontainebleau parken kann<\/strong><\/a><\/p>\r\n\r\n  <p class=\"lead\">F\u00fcr eine <strong>1\/2 Tag<\/strong> oder die <strong>Tag<\/strong>, In der Regel sind Parkh\u00e4user\/\u00f6ffentliche Parkpl\u00e4tze die ruhigste L\u00f6sung: Zugang <strong>24\/24<\/strong>, Einfache Bezahlung, N\u00e4he zum Zentrum und zum Schloss.<\/p>\r\n\r\n  <h2>Warum sollte man sich f\u00fcr ein Parkhaus\/einen \u00f6ffentlichen Parkplatz entscheiden?<\/h2>\r\n  <div class=\"grid grid-2\">\r\n    <div class=\"fb-card\">\r\n      <h3>\u2705 Ruhe<\/h3>\r\n      <p>Stressfreies Parken f\u00fcr mehrere Stunden (keine H\u00f6chstparkdauer auf der Stra\u00dfe und keine zu verwaltenden Strafzettel).<\/p>\r\n      <p>Buchangebot : <strong>mehr als 1.400 Pl\u00e4tze<\/strong> (eine Quelle nennt ca. <strong>1 600<\/strong> zum Globalen).<\/p>\r\n    <\/div>\r\n    <div class=\"fb-card\">\r\n      <h3>\ud83d\udccd N\u00e4he<\/h3>\r\n      <p>Ganz nah an den <strong>Einkaufsstra\u00dfen<\/strong> und des <strong>Schloss<\/strong> : ideal f\u00fcr Besichtigungen, Einkaufen, Restaurants.<\/p>\r\n    <\/div>\r\n  <\/div>\r\n\r\n  <h2>Hauptparkpl\u00e4tze (Zentrum &amp; Schloss)<\/h2>\r\n  <table class=\"fb-table\">\r\n    <thead>\r\n      <tr>\r\n        <th>Parkplatz<\/th>\r\n        <th>Art &amp; N\u00e4he<\/th>\r\n        <th>\u00d6ffnungszeiten<\/th>\r\n        <th>Besonderheiten<\/th>\r\n      <\/tr>\r\n    <\/thead>\r\n    <tbody>\r\n      <tr>\r\n        <td><strong>Markt (Place de la R\u00e9publique)<\/strong><\/td>\r\n        <td>\u00dcberdacht, Stadtkern<\/td>\r\n        <td>24\/24<\/td>\r\n        <td>\ud83c\udfab Angebot <strong>Wochenende<\/strong> : <strong>3 h = 2,20 \u20ac<\/strong> (Fr-Sa-So).<\/td>\r\n      <\/tr>\r\n      <tr>\r\n        <td><strong>Napoleon<\/strong><\/td>\r\n        <td>Gedeckt, <em>2-3 min<\/em> des Schlosses<\/td>\r\n        <td>24\/24<\/td>\r\n        <td>Direkter Zugang zum Schloss &amp; historischen Zentrum.<\/td>\r\n      <\/tr>\r\n      <tr>\r\n        <td><strong>Place d'Armes<\/strong><\/td>\r\n        <td>Au\u00dfen, gegen\u00fcber dem Schloss<\/td>\r\n        <td>24\/24<\/td>\r\n        <td>Bei sch\u00f6nem Wetter sehr praktisch (Esplanade).<\/td>\r\n      <\/tr>\r\n      <tr>\r\n        <td><strong>Schloss<\/strong><\/td>\r\n        <td>Am Fu\u00dfe des Schlosses<\/td>\r\n        <td>\ud83c\udf19 <strong>Kostenlos 19h-9h<\/strong><\/td>\r\n        <td>Perfekt f\u00fcr einen Abend\/ein Essen nach der Besichtigung.<\/td>\r\n      <\/tr>\r\n      <tr>\r\n        <td><strong>Schritt<\/strong><\/td>\r\n        <td>\u00dcberdacht, praktisch f\u00fcr das Ostviertel<\/td>\r\n        <td>24\/24<\/td>\r\n        <td>Guter Zugang zum oberen Teil der Rue Grande.<\/td>\r\n      <\/tr>\r\n    <\/tbody>\r\n  <\/table>\r\n\r\n  <div class=\"fb-box\">\r\n    <p>\ud83d\udca1 <strong>Budget<\/strong> : Vergleichen Sie einen Tag auf der Stra\u00dfe vs. Parkplatz. Bei mehr als 2-3 Stunden ist das Parken oft g\u00fcnstiger (und vermeidet ein FPS).<\/p>\r\n  <\/div>\r\n\r\n  <h2>Abonnements \u201cParkh\u00e4user\u201d (Interparking)<\/h2>\r\n  <p>Es gibt \u201cBauwerk\u201d-Pakete f\u00fcr Anwohner und Arbeiter (von der Stadt angek\u00fcndigte Gr\u00f6\u00dfenordnung : <strong>~96 \u20ac\/Monat<\/strong>). Erkundigen Sie sich vor Ort oder \u00fcber den Betreiber nach den aktuellen Formeln.<\/p>\r\n\r\n  <div class=\"fb-related\">\r\n    <h2>Siehe auch<\/h2>\r\n    <ul>\r\n      <li><a href=\"\/de\/parken-in-der-rue-fontainebleau\/\">Parken auf der Stra\u00dfe<\/a><\/li>\r\n      <li><a href=\"\/de\/kostenloses-parken-in-fontainebleau\/\">Kostenloses Parken<\/a><\/li>\r\n      <li><a href=\"\/de\/pmr-parkplatz-72-stellplatze\/\">PMR-Parken<\/a><\/li>\r\n      <li><a href=\"\/de\/abonnements-fur-parkplatze-in-fontainebleau\/\">Abonnements<\/a><\/li>\r\n      <li><a href=\"\/de\/praktische-tipps-zum-cleveren-parken-in-fontainebleau\/\">Praktische Tipps<\/a><\/li>\r\n    <\/ul>\r\n  <\/div>\r\n\r\n  <h2>FAQ<\/h2>\r\n  <div class=\"fb-faq\">\r\n    <details>\r\n      <summary>Sind die Parkpl\u00e4tze auch nachts ge\u00f6ffnet?<\/summary>\r\n      <p>Ja, <strong>24\/24<\/strong> (sofern nicht punktuell anders beschildert).<\/p>\r\n    <\/details>\r\n    <details>\r\n      <summary>Wo kann man das Angebot 3 h = 2,20 \u20ac nutzen?<\/summary>\r\n      <p>Auf <strong>Marktparkplatz<\/strong> (Republik), die <strong>freitags, samstags und sonntags<\/strong>.<\/p>\r\n    <\/details>\r\n    <details>\r\n      <summary>Gibt es kostenlose Parkpl\u00e4tze in der Nacht?<\/summary>\r\n      <p>Ja: der <strong>Parkplatz des Schlosses<\/strong> ist <strong>kostenlos von 19:00 bis 9:00 Uhr<\/strong>.<\/p>\r\n    <\/details>\r\n    <details>\r\n      <summary>Gibt es in Parkh\u00e4usern Behindertenparkpl\u00e4tze?<\/summary>\r\n      <p>Ja, dedizierte Stellpl\u00e4tze. Siehe auch <a href=\"\/de\/pmr-parkplatz-72-stellplatze\/\">die PMR-Seite<\/a>.<\/p>\r\n    <\/details>\r\n  <\/div>\r\n\r\n  <p class=\"small\" style=\"color:#6b7280\">Quellen: Stadt Fontainebleau (Parkplatzangebot, kostenlose Nachtnutzung im Schloss, ~96 \u20ac Abonnements, Angebot March\u00e9 3 h=2,20 \u20ac, Zugang rund um die Uhr).<\/p>\r\n<\/div>\r\n\t\t\t\t<\/div>\n\t\t\t\t<\/div>\n\t\t\t\t\t<\/div>\n\t\t\t\t<\/div>\n\t\t\t\t<\/div>","protected":false},"excerpt":{"rendered":"<p>\u2190 Retour : O\u00f9 se garer \u00e0 Fontainebleau Pour une 1\/2 journ\u00e9e ou la journ\u00e9e, les parkings couverts\/publics sont la solution la plus sereine : acc\u00e8s 24\/24, paiement simple, proximit\u00e9 du centre et du Ch\u00e2teau. Pourquoi choisir un parking couvert\/public ? \u2705 Tranquillit\u00e9 Gar\u00e9 pour plusieurs heures sans stress (pas de dur\u00e9e max en voirie [&hellip;]<\/p>\n","protected":false},"author":1,"featured_media":7827,"parent":0,"menu_order":0,"comment_status":"closed","ping_status":"closed","template":"","meta":{"_seopress_robots_primary_cat":"","_seopress_titles_title":"","_seopress_titles_desc":"","_seopress_robots_index":"","_seopress_analysis_target_kw":"","_jet_sm_ready_style":"","_jet_sm_style":"","_jet_sm_controls_values":"","_jet_sm_fonts_collection":"","_jet_sm_fonts_links":"","iawp_total_views":123,"footnotes":""},"class_list":["post-7709","page","type-page","status-publish","has-post-thumbnail","hentry"],"_hostinger_reach_plugin_has_subscription_block":false,"_hostinger_reach_plugin_is_elementor":false,"_links":{"self":[{"href":"https:\/\/fontyblog.fr\/de\/wp-json\/wp\/v2\/pages\/7709","targetHints":{"allow":["GET"]}}],"collection":[{"href":"https:\/\/fontyblog.fr\/de\/wp-json\/wp\/v2\/pages"}],"about":[{"href":"https:\/\/fontyblog.fr\/de\/wp-json\/wp\/v2\/types\/page"}],"author":[{"embeddable":true,"href":"https:\/\/fontyblog.fr\/de\/wp-json\/wp\/v2\/users\/1"}],"replies":[{"embeddable":true,"href":"https:\/\/fontyblog.fr\/de\/wp-json\/wp\/v2\/comments?post=7709"}],"version-history":[{"count":16,"href":"https:\/\/fontyblog.fr\/de\/wp-json\/wp\/v2\/pages\/7709\/revisions"}],"predecessor-version":[{"id":7951,"href":"https:\/\/fontyblog.fr\/de\/wp-json\/wp\/v2\/pages\/7709\/revisions\/7951"}],"wp:featuredmedia":[{"embeddable":true,"href":"https:\/\/fontyblog.fr\/de\/wp-json\/wp\/v2\/media\/7827"}],"wp:attachment":[{"href":"https:\/\/fontyblog.fr\/de\/wp-json\/wp\/v2\/media?parent=7709"}],"curies":[{"name":"wp","href":"https:\/\/api.w.org\/{rel}","templated":true}]}}